{"id":485,"date":"2022-11-26T20:26:14","date_gmt":"2022-11-26T19:26:14","guid":{"rendered":"http:\/\/neu.bogensportrostock.de\/?page_id=485"},"modified":"2025-05-30T22:20:27","modified_gmt":"2025-05-30T20:20:27","slug":"aktuelles","status":"publish","type":"page","link":"https:\/\/bogensportrostock.de\/index.php\/aktuelles\/","title":{"rendered":"Aktuelles"},"content":{"rendered":"\t\t<div data-elementor-type=\"wp-page\" data-elementor-id=\"485\" class=\"elementor elementor-485\">\n\t\t\t\t\t\t<section class=\"elementor-section elementor-top-section elementor-element elementor-element-6056234 elementor-section-boxed elementor-section-height-default elementor-section-height-default\" data-id=\"6056234\" data-element_type=\"section\" data-e-type=\"section\">\n\t\t\t\t\t\t<div class=\"elementor-container elementor-column-gap-default\">\n\t\t\t\t\t<div class=\"elementor-column elementor-col-100 elementor-top-column elementor-element elementor-element-08da744\" data-id=\"08da744\" data-element_type=\"column\" data-e-type=\"column\">\n\t\t\t<div class=\"elementor-widget-wrap elementor-element-populated\">\n\t\t\t\t\t\t<div class=\"elementor-element elementor-element-9018a74 elementor-hidden-tablet elementor-hidden-mobile elementor-widget elementor-widget-heading\" data-id=\"9018a74\" data-element_type=\"widget\" data-e-type=\"widget\" data-widget_type=\"heading.default\">\n\t\t\t\t<div class=\"elementor-widget-container\">\n\t\t\t\t\t<h2 class=\"elementor-heading-title elementor-size-default\">Aktuelles Vereinsgeschehen<\/h2>\t\t\t\t<\/div>\n\t\t\t\t<\/div>\n\t\t\t\t\t<\/div>\n\t\t<\/div>\n\t\t\t\t\t<\/div>\n\t\t<\/section>\n\t\t\t\t<section class=\"elementor-section elementor-top-section elementor-element elementor-element-23c3919 elementor-section-boxed elementor-section-height-default elementor-section-height-default\" data-id=\"23c3919\" data-element_type=\"section\" data-e-type=\"section\">\n\t\t\t\t\t\t<div class=\"elementor-container elementor-column-gap-default\">\n\t\t\t\t\t<div class=\"elementor-column elementor-col-100 elementor-top-column elementor-element elementor-element-3b41c5c\" data-id=\"3b41c5c\" data-element_type=\"column\" data-e-type=\"column\">\n\t\t\t<div class=\"elementor-widget-wrap elementor-element-populated\">\n\t\t\t\t\t\t<div class=\"elementor-element elementor-element-89b4456 elementor-hidden-desktop elementor-widget elementor-widget-text-editor\" data-id=\"89b4456\" data-element_type=\"widget\" data-e-type=\"widget\" data-widget_type=\"text-editor.default\">\n\t\t\t\t<div class=\"elementor-widget-container\">\n\t\t\t\t\t\t\t\t\t<h2>AKTUELLES VEREINSGESCHEHEN<\/h2>\t\t\t\t\t\t\t\t<\/div>\n\t\t\t\t<\/div>\n\t\t\t\t\t<\/div>\n\t\t<\/div>\n\t\t\t\t\t<\/div>\n\t\t<\/section>\n\t\t\t\t<section class=\"elementor-section elementor-top-section elementor-element elementor-element-a91d4bf elementor-section-boxed elementor-section-height-default elementor-section-height-default\" data-id=\"a91d4bf\" data-element_type=\"section\" data-e-type=\"section\">\n\t\t\t\t\t\t<div class=\"elementor-container elementor-column-gap-default\">\n\t\t\t\t\t<div class=\"elementor-column elementor-col-100 elementor-top-column elementor-element elementor-element-40aeed0\" data-id=\"40aeed0\" data-element_type=\"column\" data-e-type=\"column\">\n\t\t\t<div class=\"elementor-widget-wrap elementor-element-populated\">\n\t\t\t\t\t\t<div class=\"elementor-element elementor-element-e27b9f4 elementor-widget-divider--view-line elementor-widget elementor-widget-divider\" data-id=\"e27b9f4\" data-element_type=\"widget\" data-e-type=\"widget\" data-widget_type=\"divider.default\">\n\t\t\t\t<div class=\"elementor-widget-container\">\n\t\t\t\t\t\t\t<div class=\"elementor-divider\">\n\t\t\t<span class=\"elementor-divider-separator\">\n\t\t\t\t\t\t<\/span>\n\t\t<\/div>\n\t\t\t\t\t\t<\/div>\n\t\t\t\t<\/div>\n\t\t\t\t\t<\/div>\n\t\t<\/div>\n\t\t\t\t\t<\/div>\n\t\t<\/section>\n\t\t\t\t<section class=\"elementor-section elementor-top-section elementor-element elementor-element-04cfc2b elementor-section-boxed elementor-section-height-default elementor-section-height-default\" data-id=\"04cfc2b\" data-element_type=\"section\" data-e-type=\"section\">\n\t\t\t\t\t\t<div class=\"elementor-container elementor-column-gap-default\">\n\t\t\t\t\t<div class=\"elementor-column elementor-col-100 elementor-top-column elementor-element elementor-element-52d3a18\" data-id=\"52d3a18\" data-element_type=\"column\" data-e-type=\"column\">\n\t\t\t<div class=\"elementor-widget-wrap elementor-element-populated\">\n\t\t\t\t\t\t<div class=\"elementor-element elementor-element-b28912f elementor-widget elementor-widget-text-editor\" data-id=\"b28912f\" data-element_type=\"widget\" data-e-type=\"widget\" data-widget_type=\"text-editor.default\">\n\t\t\t\t<div class=\"elementor-widget-container\">\n\t\t\t\t\t\t\t\t\t<h6><em>Was w\u00e4re ein Verein ohne gemeinsame Aktivit\u00e4ten?!<\/em><\/h6>\t\t\t\t\t\t\t\t<\/div>\n\t\t\t\t<\/div>\n\t\t\t\t\t<\/div>\n\t\t<\/div>\n\t\t\t\t\t<\/div>\n\t\t<\/section>\n\t\t\t\t<section class=\"elementor-section elementor-top-section elementor-element elementor-element-af1f79f elementor-section-boxed elementor-section-height-default elementor-section-height-default\" data-id=\"af1f79f\" data-element_type=\"section\" data-e-type=\"section\">\n\t\t\t\t\t\t<div class=\"elementor-container elementor-column-gap-default\">\n\t\t\t\t\t<div class=\"elementor-column elementor-col-100 elementor-top-column elementor-element elementor-element-2a9d026\" data-id=\"2a9d026\" data-element_type=\"column\" data-e-type=\"column\">\n\t\t\t<div class=\"elementor-widget-wrap elementor-element-populated\">\n\t\t\t\t\t\t<div class=\"elementor-element elementor-element-d91736b elementor-widget-divider--view-line elementor-widget elementor-widget-divider\" data-id=\"d91736b\" data-element_type=\"widget\" data-e-type=\"widget\" data-widget_type=\"divider.default\">\n\t\t\t\t<div class=\"elementor-widget-container\">\n\t\t\t\t\t\t\t<div class=\"elementor-divider\">\n\t\t\t<span class=\"elementor-divider-separator\">\n\t\t\t\t\t\t<\/span>\n\t\t<\/div>\n\t\t\t\t\t\t<\/div>\n\t\t\t\t<\/div>\n\t\t\t\t\t<\/div>\n\t\t<\/div>\n\t\t\t\t\t<\/div>\n\t\t<\/section>\n\t\t\t\t<section class=\"elementor-section elementor-top-section elementor-element elementor-element-c14f124 elementor-section-boxed elementor-section-height-default elementor-section-height-default\" data-id=\"c14f124\" data-element_type=\"section\" data-e-type=\"section\">\n\t\t\t\t\t\t<div class=\"elementor-container elementor-column-gap-default\">\n\t\t\t\t\t<div class=\"elementor-column elementor-col-100 elementor-top-column elementor-element elementor-element-5e8b36f\" data-id=\"5e8b36f\" data-element_type=\"column\" data-e-type=\"column\">\n\t\t\t<div class=\"elementor-widget-wrap elementor-element-populated\">\n\t\t\t\t\t\t<div class=\"elementor-element elementor-element-257bfa6 elementor-widget elementor-widget-text-editor\" data-id=\"257bfa6\" data-element_type=\"widget\" data-e-type=\"widget\" data-widget_type=\"text-editor.default\">\n\t\t\t\t<div class=\"elementor-widget-container\">\n\t\t\t\t\t\t\t\t\t<h5><strong>Unsere Vereinsaktivit\u00e4ten findet ihr auf der <\/strong><\/h5>\n<h5><strong>Website des Eisenbahner Sportvereins <a href=\"https:\/\/esvlokrostock.de\/category\/bogensport\/\">ESV Lok Rostock<\/a>&nbsp;<\/strong><\/h5>\t\t\t\t\t\t\t\t<\/div>\n\t\t\t\t<\/div>\n\t\t\t\t\t<\/div>\n\t\t<\/div>\n\t\t\t\t\t<\/div>\n\t\t<\/section>\n\t\t\t\t<section class=\"elementor-section elementor-top-section elementor-element elementor-element-6d95ad7 elementor-section-boxed elementor-section-height-default elementor-section-height-default\" data-id=\"6d95ad7\" data-element_type=\"section\" data-e-type=\"section\">\n\t\t\t\t\t\t<div class=\"elementor-container elementor-column-gap-default\">\n\t\t\t\t\t<div class=\"elementor-column elementor-col-100 elementor-top-column elementor-element elementor-element-e0fbe65\" data-id=\"e0fbe65\" data-element_type=\"column\" data-e-type=\"column\">\n\t\t\t<div class=\"elementor-widget-wrap elementor-element-populated\">\n\t\t\t\t\t\t<div class=\"elementor-element elementor-element-e5688ff elementor-widget-divider--view-line elementor-widget elementor-widget-divider\" data-id=\"e5688ff\" data-element_type=\"widget\" data-e-type=\"widget\" data-widget_type=\"divider.default\">\n\t\t\t\t<div class=\"elementor-widget-container\">\n\t\t\t\t\t\t\t<div class=\"elementor-divider\">\n\t\t\t<span class=\"elementor-divider-separator\">\n\t\t\t\t\t\t<\/span>\n\t\t<\/div>\n\t\t\t\t\t\t<\/div>\n\t\t\t\t<\/div>\n\t\t\t\t\t<\/div>\n\t\t<\/div>\n\t\t\t\t\t<\/div>\n\t\t<\/section>\n\t\t\t\t<section class=\"elementor-section elementor-top-section elementor-element elementor-element-725b6dc elementor-section-boxed elementor-section-height-default elementor-section-height-default\" data-id=\"725b6dc\" data-element_type=\"section\" data-e-type=\"section\">\n\t\t\t\t\t\t<div class=\"elementor-container elementor-column-gap-default\">\n\t\t\t\t\t<div class=\"elementor-column elementor-col-100 elementor-top-column elementor-element elementor-element-4653637\" data-id=\"4653637\" data-element_type=\"column\" data-e-type=\"column\">\n\t\t\t<div class=\"elementor-widget-wrap elementor-element-populated\">\n\t\t\t\t\t\t<div class=\"elementor-element elementor-element-1faece2 elementor-widget elementor-widget-text-editor\" data-id=\"1faece2\" data-element_type=\"widget\" data-e-type=\"widget\" data-widget_type=\"text-editor.default\">\n\t\t\t\t<div class=\"elementor-widget-container\">\n\t\t\t\t\t\t\t\t\t<h5><strong>Grundkurs 2025<\/strong><\/h5>\t\t\t\t\t\t\t\t<\/div>\n\t\t\t\t<\/div>\n\t\t\t\t\t<\/div>\n\t\t<\/div>\n\t\t\t\t\t<\/div>\n\t\t<\/section>\n\t\t\t\t<section class=\"elementor-section elementor-top-section elementor-element elementor-element-52a6506 elementor-section-boxed elementor-section-height-default elementor-section-height-default\" data-id=\"52a6506\" data-element_type=\"section\" data-e-type=\"section\">\n\t\t\t\t\t\t<div class=\"elementor-container elementor-column-gap-default\">\n\t\t\t\t\t<div class=\"elementor-column elementor-col-100 elementor-top-column elementor-element elementor-element-4809613\" data-id=\"4809613\" data-element_type=\"column\" data-e-type=\"column\">\n\t\t\t<div class=\"elementor-widget-wrap elementor-element-populated\">\n\t\t\t\t\t\t<div class=\"elementor-element elementor-element-0e61880 elementor-widget elementor-widget-text-editor\" data-id=\"0e61880\" data-element_type=\"widget\" data-e-type=\"widget\" data-widget_type=\"text-editor.default\">\n\t\t\t\t<div class=\"elementor-widget-container\">\n\t\t\t\t\t\t\t\t\t<p>Wir m\u00fcssen euch leider mitteilen, dass der Grundkurs im Jahr 2025 bereits voll ausgebucht ist! Eine Anmeldung f\u00fcr dieses ist somit nicht mehr m\u00f6glich.<\/p><p>Der n\u00e4chste freie Grundkurs findet im Jahr 2026 statt. Wir freuen uns auf eure Anmeldung.<\/p>\t\t\t\t\t\t\t\t<\/div>\n\t\t\t\t<\/div>\n\t\t\t\t\t<\/div>\n\t\t<\/div>\n\t\t\t\t\t<\/div>\n\t\t<\/section>\n\t\t\t\t<section class=\"elementor-section elementor-top-section elementor-element elementor-element-a90487e elementor-section-boxed elementor-section-height-default elementor-section-height-default\" data-id=\"a90487e\" data-element_type=\"section\" data-e-type=\"section\">\n\t\t\t\t\t\t<div class=\"elementor-container elementor-column-gap-default\">\n\t\t\t\t\t<div class=\"elementor-column elementor-col-100 elementor-top-column elementor-element elementor-element-6a3bb71\" data-id=\"6a3bb71\" data-element_type=\"column\" data-e-type=\"column\">\n\t\t\t<div class=\"elementor-widget-wrap elementor-element-populated\">\n\t\t\t\t\t\t<div class=\"elementor-element elementor-element-c434cd2 elementor-widget-divider--view-line elementor-widget elementor-widget-divider\" data-id=\"c434cd2\" data-element_type=\"widget\" data-e-type=\"widget\" data-widget_type=\"divider.default\">\n\t\t\t\t<div class=\"elementor-widget-container\">\n\t\t\t\t\t\t\t<div class=\"elementor-divider\">\n\t\t\t<span class=\"elementor-divider-separator\">\n\t\t\t\t\t\t<\/span>\n\t\t<\/div>\n\t\t\t\t\t\t<\/div>\n\t\t\t\t<\/div>\n\t\t\t\t\t<\/div>\n\t\t<\/div>\n\t\t\t\t\t<\/div>\n\t\t<\/section>\n\t\t\t\t<section class=\"elementor-section elementor-top-section elementor-element elementor-element-a9d724e elementor-section-boxed elementor-section-height-default elementor-section-height-default\" data-id=\"a9d724e\" data-element_type=\"section\" data-e-type=\"section\">\n\t\t\t\t\t\t<div class=\"elementor-container elementor-column-gap-default\">\n\t\t\t\t\t<div class=\"elementor-column elementor-col-100 elementor-top-column elementor-element elementor-element-d04ada3\" data-id=\"d04ada3\" data-element_type=\"column\" data-e-type=\"column\">\n\t\t\t<div class=\"elementor-widget-wrap elementor-element-populated\">\n\t\t\t\t\t\t<div class=\"elementor-element elementor-element-1c068ef elementor-widget elementor-widget-text-editor\" data-id=\"1c068ef\" data-element_type=\"widget\" data-e-type=\"widget\" data-widget_type=\"text-editor.default\">\n\t\t\t\t<div class=\"elementor-widget-container\">\n\t\t\t\t\t\t\t\t\t<h5><strong>Online-Shop f\u00fcr Trainings- und Turnierkleidung<\/strong><\/h5>\t\t\t\t\t\t\t\t<\/div>\n\t\t\t\t<\/div>\n\t\t\t\t\t<\/div>\n\t\t<\/div>\n\t\t\t\t\t<\/div>\n\t\t<\/section>\n\t\t\t\t<section class=\"elementor-section elementor-top-section elementor-element elementor-element-a4ce67c elementor-section-boxed elementor-section-height-default elementor-section-height-default\" data-id=\"a4ce67c\" data-element_type=\"section\" data-e-type=\"section\">\n\t\t\t\t\t\t<div class=\"elementor-container elementor-column-gap-default\">\n\t\t\t\t\t<div class=\"elementor-column elementor-col-50 elementor-top-column elementor-element elementor-element-c7857d5\" data-id=\"c7857d5\" data-element_type=\"column\" data-e-type=\"column\">\n\t\t\t<div class=\"elementor-widget-wrap elementor-element-populated\">\n\t\t\t\t\t\t<div class=\"elementor-element elementor-element-004a458 elementor-widget elementor-widget-image\" data-id=\"004a458\" data-element_type=\"widget\" data-e-type=\"widget\" data-widget_type=\"image.default\">\n\t\t\t\t<div class=\"elementor-widget-container\">\n\t\t\t\t\t\t\t\t\t\t\t\t\t\t\t<img fetchpriority=\"high\" decoding=\"async\" width=\"800\" height=\"532\" src=\"https:\/\/bogensportrostock.de\/wp-content\/uploads\/2024\/01\/Shop-1024x681.png\" class=\"attachment-large size-large wp-image-2837\" alt=\"\" srcset=\"https:\/\/bogensportrostock.de\/wp-content\/uploads\/2024\/01\/Shop-1024x681.png 1024w, https:\/\/bogensportrostock.de\/wp-content\/uploads\/2024\/01\/Shop-300x199.png 300w, https:\/\/bogensportrostock.de\/wp-content\/uploads\/2024\/01\/Shop-768x510.png 768w, https:\/\/bogensportrostock.de\/wp-content\/uploads\/2024\/01\/Shop-1536x1021.png 1536w, https:\/\/bogensportrostock.de\/wp-content\/uploads\/2024\/01\/Shop.png 1610w\" sizes=\"(max-width: 800px) 100vw, 800px\" \/>\t\t\t\t\t\t\t\t\t\t\t\t\t\t\t<\/div>\n\t\t\t\t<\/div>\n\t\t\t\t\t<\/div>\n\t\t<\/div>\n\t\t\t\t<div class=\"elementor-column elementor-col-50 elementor-top-column elementor-element elementor-element-9ac40f5\" data-id=\"9ac40f5\" data-element_type=\"column\" data-e-type=\"column\">\n\t\t\t<div class=\"elementor-widget-wrap elementor-element-populated\">\n\t\t\t\t\t\t<div class=\"elementor-element elementor-element-90d12af elementor-widget elementor-widget-text-editor\" data-id=\"90d12af\" data-element_type=\"widget\" data-e-type=\"widget\" data-widget_type=\"text-editor.default\">\n\t\t\t\t<div class=\"elementor-widget-container\">\n\t\t\t\t\t\t\t\t\t<p>Ab diesem Jahr haben wir einen Online-Shop f\u00fcr unsere Fans und Vereinsmitglieder.<\/p><p>Den Online-Shop erreicht ihr unter folgendem Link:\u00a0<\/p><p><a href=\"https:\/\/lok-fanshop.de\">https:\/\/lok-fanshop.de<\/a><\/p><p><strong>F\u00fcr Turniere wird die Vereinskleidung auf die neuen Shirts umgestellt. <\/strong><strong>F\u00fcr unsere Bogensport-Abteilung gilt ausschlie\u00dflich die Version mit der schwarz-roten Schulterpartie als Wettkampfkleidung!<\/strong><\/p><ul><li><strong>Artikelnummer 6122101d (Damen)<\/strong><\/li><li><strong>Artikelnummer 6122101 (Herren)<\/strong><\/li><li><strong>Artikelnummer 6122101k (Kinder)<\/strong><\/li><\/ul><p>\u00a0<\/p><p>Mehr Informationen erhaltet ihr <a href=\"https:\/\/bogensportrostock.de\/index.php\/shop\/\">hier.<\/a><\/p>\t\t\t\t\t\t\t\t<\/div>\n\t\t\t\t<\/div>\n\t\t\t\t\t<\/div>\n\t\t<\/div>\n\t\t\t\t\t<\/div>\n\t\t<\/section>\n\t\t\t\t<section class=\"elementor-section elementor-top-section elementor-element elementor-element-35e8f28 elementor-section-boxed elementor-section-height-default elementor-section-height-default\" data-id=\"35e8f28\" data-element_type=\"section\" data-e-type=\"section\">\n\t\t\t\t\t\t<div class=\"elementor-container elementor-column-gap-default\">\n\t\t\t\t\t<div class=\"elementor-column elementor-col-100 elementor-top-column elementor-element elementor-element-58eb9ba\" data-id=\"58eb9ba\" data-element_type=\"column\" data-e-type=\"column\">\n\t\t\t<div class=\"elementor-widget-wrap elementor-element-populated\">\n\t\t\t\t\t\t<div class=\"elementor-element elementor-element-0e47a0e elementor-widget-divider--view-line elementor-widget elementor-widget-divider\" data-id=\"0e47a0e\" data-element_type=\"widget\" data-e-type=\"widget\" data-widget_type=\"divider.default\">\n\t\t\t\t<div class=\"elementor-widget-container\">\n\t\t\t\t\t\t\t<div class=\"elementor-divider\">\n\t\t\t<span class=\"elementor-divider-separator\">\n\t\t\t\t\t\t<\/span>\n\t\t<\/div>\n\t\t\t\t\t\t<\/div>\n\t\t\t\t<\/div>\n\t\t\t\t\t<\/div>\n\t\t<\/div>\n\t\t\t\t\t<\/div>\n\t\t<\/section>\n\t\t\t\t<section class=\"elementor-section elementor-top-section elementor-element elementor-element-422cd9f elementor-section-boxed elementor-section-height-default elementor-section-height-default\" data-id=\"422cd9f\" data-element_type=\"section\" data-e-type=\"section\">\n\t\t\t\t\t\t<div class=\"elementor-container elementor-column-gap-default\">\n\t\t\t\t\t<div class=\"elementor-column elementor-col-100 elementor-top-column elementor-element elementor-element-831c632\" data-id=\"831c632\" data-element_type=\"column\" data-e-type=\"column\">\n\t\t\t<div class=\"elementor-widget-wrap elementor-element-populated\">\n\t\t\t\t\t\t<div class=\"elementor-element elementor-element-04778a3 elementor-widget elementor-widget-text-editor\" data-id=\"04778a3\" data-element_type=\"widget\" data-e-type=\"widget\" data-widget_type=\"text-editor.default\">\n\t\t\t\t<div class=\"elementor-widget-container\">\n\t\t\t\t\t\t\t\t\t<h2><strong><img decoding=\"async\" class=\"alignnone  wp-image-2371\" src=\"https:\/\/bogensportrostock.de\/wp-content\/uploads\/2023\/09\/Handsup.jpg\" alt=\"\" width=\"46\" height=\"38\" \/> 75. Vereinsjubil\u00e4um<\/strong><\/h2>\t\t\t\t\t\t\t\t<\/div>\n\t\t\t\t<\/div>\n\t\t\t\t\t<\/div>\n\t\t<\/div>\n\t\t\t\t\t<\/div>\n\t\t<\/section>\n\t\t\t\t<section class=\"elementor-section elementor-top-section elementor-element elementor-element-0796463 elementor-section-boxed elementor-section-height-default elementor-section-height-default\" data-id=\"0796463\" data-element_type=\"section\" data-e-type=\"section\">\n\t\t\t\t\t\t<div class=\"elementor-container elementor-column-gap-default\">\n\t\t\t\t\t<div class=\"elementor-column elementor-col-50 elementor-top-column elementor-element elementor-element-7d0af92\" data-id=\"7d0af92\" data-element_type=\"column\" data-e-type=\"column\">\n\t\t\t<div class=\"elementor-widget-wrap elementor-element-populated\">\n\t\t\t\t\t\t<div class=\"elementor-element elementor-element-978e364 elementor-widget elementor-widget-image\" data-id=\"978e364\" data-element_type=\"widget\" data-e-type=\"widget\" data-widget_type=\"image.default\">\n\t\t\t\t<div class=\"elementor-widget-container\">\n\t\t\t\t\t\t\t\t\t\t\t\t\t\t\t<img decoding=\"async\" width=\"800\" height=\"398\" src=\"https:\/\/bogensportrostock.de\/wp-content\/uploads\/2023\/09\/lok-1024x510.png\" class=\"attachment-large size-large wp-image-2462\" alt=\"\" srcset=\"https:\/\/bogensportrostock.de\/wp-content\/uploads\/2023\/09\/lok-1024x510.png 1024w, https:\/\/bogensportrostock.de\/wp-content\/uploads\/2023\/09\/lok-300x149.png 300w, https:\/\/bogensportrostock.de\/wp-content\/uploads\/2023\/09\/lok-768x382.png 768w, https:\/\/bogensportrostock.de\/wp-content\/uploads\/2023\/09\/lok-1536x764.png 1536w, https:\/\/bogensportrostock.de\/wp-content\/uploads\/2023\/09\/lok-2048x1019.png 2048w\" sizes=\"(max-width: 800px) 100vw, 800px\" \/>\t\t\t\t\t\t\t\t\t\t\t\t\t\t\t<\/div>\n\t\t\t\t<\/div>\n\t\t\t\t\t<\/div>\n\t\t<\/div>\n\t\t\t\t<div class=\"elementor-column elementor-col-50 elementor-top-column elementor-element elementor-element-756938d\" data-id=\"756938d\" data-element_type=\"column\" data-e-type=\"column\">\n\t\t\t<div class=\"elementor-widget-wrap elementor-element-populated\">\n\t\t\t\t\t\t<div class=\"elementor-element elementor-element-949b979 elementor-widget elementor-widget-text-editor\" data-id=\"949b979\" data-element_type=\"widget\" data-e-type=\"widget\" data-widget_type=\"text-editor.default\">\n\t\t\t\t<div class=\"elementor-widget-container\">\n\t\t\t\t\t\t\t\t\t<p>Am 02. September 2023 haben wir unser 75. Vereinsjubil\u00e4um mit einem abwechslungsreichen Sportfest gefeiert.<\/p><p>Das Programm beinhaltete einen spannenden Parcours in diversen Sportarten, wie Fu\u00dfball, Bogenschie\u00dfen, Tischtennis und Darts. Zum Schluss wurden an alle Teilnehmer kleine und gro\u00dfe Preise vergeben.<\/p><p>Unser Angebot umfasste:<\/p><ul><li>Kinderschminken<\/li><li>H\u00fcpfburg<\/li><li>Schnuppertraining Kinderfu\u00dfball und Bogenschie\u00dfen<\/li><li>Parcours: Tischtennis, Bogenschie\u00dfen, Leitergolf, Zielwerfen, Darts, Torwand, Fu\u00dfballcurling, Jonglieren, DKMS-Stand<\/li><\/ul>\t\t\t\t\t\t\t\t<\/div>\n\t\t\t\t<\/div>\n\t\t\t\t\t<\/div>\n\t\t<\/div>\n\t\t\t\t\t<\/div>\n\t\t<\/section>\n\t\t\t\t<\/div>\n\t\t","protected":false},"excerpt":{"rendered":"<p>Aktuelles Vereinsgeschehen AKTUELLES VEREINSGESCHEHEN Was w\u00e4re ein Verein ohne gemeinsame Aktivit\u00e4ten?! Unsere Vereinsaktivit\u00e4ten findet ihr auf der Website des Eisenbahner Sportvereins ESV Lok Rostock&nbsp; Grundkurs 2025 Wir m\u00fcssen euch leider mitteilen, dass der Grundkurs im Jahr 2025 bereits voll ausgebucht ist! Eine Anmeldung f\u00fcr dieses ist somit nicht mehr m\u00f6glich. Der n\u00e4chste freie Grundkurs findet [&hellip;]<\/p>\n","protected":false},"author":2,"featured_media":0,"parent":0,"menu_order":0,"comment_status":"closed","ping_status":"closed","template":"","meta":{"footnotes":""},"class_list":["post-485","page","type-page","status-publish","hentry"],"_links":{"self":[{"href":"https:\/\/bogensportrostock.de\/index.php\/wp-json\/wp\/v2\/pages\/485","targetHints":{"allow":["GET"]}}],"collection":[{"href":"https:\/\/bogensportrostock.de\/index.php\/wp-json\/wp\/v2\/pages"}],"about":[{"href":"https:\/\/bogensportrostock.de\/index.php\/wp-json\/wp\/v2\/types\/page"}],"author":[{"embeddable":true,"href":"https:\/\/bogensportrostock.de\/index.php\/wp-json\/wp\/v2\/users\/2"}],"replies":[{"embeddable":true,"href":"https:\/\/bogensportrostock.de\/index.php\/wp-json\/wp\/v2\/comments?post=485"}],"version-history":[{"count":614,"href":"https:\/\/bogensportrostock.de\/index.php\/wp-json\/wp\/v2\/pages\/485\/revisions"}],"predecessor-version":[{"id":3237,"href":"https:\/\/bogensportrostock.de\/index.php\/wp-json\/wp\/v2\/pages\/485\/revisions\/3237"}],"wp:attachment":[{"href":"https:\/\/bogensportrostock.de\/index.php\/wp-json\/wp\/v2\/media?parent=485"}],"curies":[{"name":"wp","href":"https:\/\/api.w.org\/{rel}","templated":true}]}}