{"id":469,"date":"2022-11-25T23:46:28","date_gmt":"2022-11-25T22:46:28","guid":{"rendered":"http:\/\/neu.bogensportrostock.de\/?page_id=469"},"modified":"2023-01-09T07:15:27","modified_gmt":"2023-01-09T06:15:27","slug":"schiess-grundlagen","status":"publish","type":"page","link":"https:\/\/bogensportrostock.de\/index.php\/schiess-grundlagen\/","title":{"rendered":"Schie\u00df-Grundlagen"},"content":{"rendered":"\t\t<div data-elementor-type=\"wp-page\" data-elementor-id=\"469\" class=\"elementor elementor-469\">\n\t\t\t\t\t\t<section class=\"elementor-section elementor-top-section elementor-element elementor-element-b87f491 elementor-hidden-tablet elementor-hidden-mobile elementor-section-boxed elementor-section-height-default elementor-section-height-default\" data-id=\"b87f491\" data-element_type=\"section\" data-e-type=\"section\">\n\t\t\t\t\t\t<div class=\"elementor-container elementor-column-gap-default\">\n\t\t\t\t\t<div class=\"elementor-column elementor-col-100 elementor-top-column elementor-element elementor-element-e00677d\" data-id=\"e00677d\" data-element_type=\"column\" data-e-type=\"column\">\n\t\t\t<div class=\"elementor-widget-wrap elementor-element-populated\">\n\t\t\t\t\t\t<div class=\"elementor-element elementor-element-02ffb8b elementor-widget elementor-widget-heading\" data-id=\"02ffb8b\" data-element_type=\"widget\" data-e-type=\"widget\" data-widget_type=\"heading.default\">\n\t\t\t\t<div class=\"elementor-widget-container\">\n\t\t\t\t\t<h2 class=\"elementor-heading-title elementor-size-default\">Schie\u00df-Grundlagen<\/h2>\t\t\t\t<\/div>\n\t\t\t\t<\/div>\n\t\t\t\t\t<\/div>\n\t\t<\/div>\n\t\t\t\t\t<\/div>\n\t\t<\/section>\n\t\t\t\t<section class=\"elementor-section elementor-top-section elementor-element elementor-element-5defe9d elementor-hidden-desktop elementor-section-boxed elementor-section-height-default elementor-section-height-default\" data-id=\"5defe9d\" data-element_type=\"section\" data-e-type=\"section\">\n\t\t\t\t\t\t<div class=\"elementor-container elementor-column-gap-default\">\n\t\t\t\t\t<div class=\"elementor-column elementor-col-100 elementor-top-column elementor-element elementor-element-d6a7e1b\" data-id=\"d6a7e1b\" data-element_type=\"column\" data-e-type=\"column\">\n\t\t\t<div class=\"elementor-widget-wrap elementor-element-populated\">\n\t\t\t\t\t\t<div class=\"elementor-element elementor-element-4a12317 elementor-widget elementor-widget-text-editor\" data-id=\"4a12317\" data-element_type=\"widget\" data-e-type=\"widget\" data-widget_type=\"text-editor.default\">\n\t\t\t\t<div class=\"elementor-widget-container\">\n\t\t\t\t\t\t\t\t\t<h3>SCHIE\u00df-GRUNDLAGEN<\/h3>\t\t\t\t\t\t\t\t<\/div>\n\t\t\t\t<\/div>\n\t\t\t\t\t<\/div>\n\t\t<\/div>\n\t\t\t\t\t<\/div>\n\t\t<\/section>\n\t\t\t\t<section class=\"elementor-section elementor-top-section elementor-element elementor-element-426be44 elementor-section-boxed elementor-section-height-default elementor-section-height-default\" data-id=\"426be44\" data-element_type=\"section\" data-e-type=\"section\">\n\t\t\t\t\t\t<div class=\"elementor-container elementor-column-gap-default\">\n\t\t\t\t\t<div class=\"elementor-column elementor-col-100 elementor-top-column elementor-element elementor-element-60f71d9\" data-id=\"60f71d9\" data-element_type=\"column\" data-e-type=\"column\">\n\t\t\t<div class=\"elementor-widget-wrap elementor-element-populated\">\n\t\t\t\t\t\t<div class=\"elementor-element elementor-element-ddbf58f elementor-widget-divider--view-line elementor-widget elementor-widget-divider\" data-id=\"ddbf58f\" data-element_type=\"widget\" data-e-type=\"widget\" data-widget_type=\"divider.default\">\n\t\t\t\t<div class=\"elementor-widget-container\">\n\t\t\t\t\t\t\t<div class=\"elementor-divider\">\n\t\t\t<span class=\"elementor-divider-separator\">\n\t\t\t\t\t\t<\/span>\n\t\t<\/div>\n\t\t\t\t\t\t<\/div>\n\t\t\t\t<\/div>\n\t\t\t\t\t<\/div>\n\t\t<\/div>\n\t\t\t\t\t<\/div>\n\t\t<\/section>\n\t\t\t\t<section class=\"elementor-section elementor-top-section elementor-element elementor-element-be076b2 elementor-section-boxed elementor-section-height-default elementor-section-height-default\" data-id=\"be076b2\" data-element_type=\"section\" data-e-type=\"section\">\n\t\t\t\t\t\t<div class=\"elementor-container elementor-column-gap-default\">\n\t\t\t\t\t<div class=\"elementor-column elementor-col-100 elementor-top-column elementor-element elementor-element-41fdb01\" data-id=\"41fdb01\" data-element_type=\"column\" data-e-type=\"column\">\n\t\t\t<div class=\"elementor-widget-wrap elementor-element-populated\">\n\t\t\t\t\t\t<div class=\"elementor-element elementor-element-1cbf93c elementor-widget elementor-widget-text-editor\" data-id=\"1cbf93c\" data-element_type=\"widget\" data-e-type=\"widget\" data-widget_type=\"text-editor.default\">\n\t\t\t\t<div class=\"elementor-widget-container\">\n\t\t\t\t\t\t\t\t\t<h5>Bogenschie\u00dfen&#8230; die wesentlichen Schritte<\/h5>\t\t\t\t\t\t\t\t<\/div>\n\t\t\t\t<\/div>\n\t\t\t\t\t<\/div>\n\t\t<\/div>\n\t\t\t\t\t<\/div>\n\t\t<\/section>\n\t\t\t\t<section class=\"elementor-section elementor-top-section elementor-element elementor-element-a3c2295 elementor-section-boxed elementor-section-height-default elementor-section-height-default\" data-id=\"a3c2295\" data-element_type=\"section\" data-e-type=\"section\">\n\t\t\t\t\t\t<div class=\"elementor-container elementor-column-gap-default\">\n\t\t\t\t\t<div class=\"elementor-column elementor-col-33 elementor-top-column elementor-element elementor-element-17cdd54\" data-id=\"17cdd54\" data-element_type=\"column\" data-e-type=\"column\">\n\t\t\t<div class=\"elementor-widget-wrap elementor-element-populated\">\n\t\t\t\t\t\t<div class=\"elementor-element elementor-element-f8e812f elementor-widget elementor-widget-text-editor\" data-id=\"f8e812f\" data-element_type=\"widget\" data-e-type=\"widget\" data-widget_type=\"text-editor.default\">\n\t\t\t\t<div class=\"elementor-widget-container\">\n\t\t\t\t\t\t\t\t\t<ol><li><h6>Wissen zum Bogenschie\u00dfen aneignen<\/h6><\/li><li><h6>Verein suchen<\/h6><\/li><li><h6>Bogenart ausw\u00e4hlen<\/h6><\/li><li><h6>Bogenausr\u00fcstung besorgen<\/h6><\/li><li><h6>Schie\u00dftechnik und Haltung lernen<\/h6><\/li><li><h6>Regelm\u00e4\u00dfig trainieren<\/h6><\/li><\/ol>\t\t\t\t\t\t\t\t<\/div>\n\t\t\t\t<\/div>\n\t\t\t\t\t<\/div>\n\t\t<\/div>\n\t\t\t\t<div class=\"elementor-column elementor-col-66 elementor-top-column elementor-element elementor-element-a929ce8\" data-id=\"a929ce8\" data-element_type=\"column\" data-e-type=\"column\">\n\t\t\t<div class=\"elementor-widget-wrap elementor-element-populated\">\n\t\t\t\t\t\t<div class=\"elementor-element elementor-element-260e04f elementor-widget elementor-widget-image\" data-id=\"260e04f\" data-element_type=\"widget\" data-e-type=\"widget\" data-widget_type=\"image.default\">\n\t\t\t\t<div class=\"elementor-widget-container\">\n\t\t\t\t\t\t\t\t\t\t\t\t\t\t\t<img fetchpriority=\"high\" decoding=\"async\" width=\"800\" height=\"216\" src=\"https:\/\/bogensportrostock.de\/wp-content\/uploads\/2022\/12\/P1030216-Kopie-Kopie-1024x276.png\" class=\"attachment-large size-large wp-image-918\" alt=\"\" srcset=\"https:\/\/bogensportrostock.de\/wp-content\/uploads\/2022\/12\/P1030216-Kopie-Kopie-1024x276.png 1024w, https:\/\/bogensportrostock.de\/wp-content\/uploads\/2022\/12\/P1030216-Kopie-Kopie-300x81.png 300w, https:\/\/bogensportrostock.de\/wp-content\/uploads\/2022\/12\/P1030216-Kopie-Kopie-768x207.png 768w, https:\/\/bogensportrostock.de\/wp-content\/uploads\/2022\/12\/P1030216-Kopie-Kopie-1536x415.png 1536w, https:\/\/bogensportrostock.de\/wp-content\/uploads\/2022\/12\/P1030216-Kopie-Kopie-2048x553.png 2048w\" sizes=\"(max-width: 800px) 100vw, 800px\" \/>\t\t\t\t\t\t\t\t\t\t\t\t\t\t\t<\/div>\n\t\t\t\t<\/div>\n\t\t\t\t\t<\/div>\n\t\t<\/div>\n\t\t\t\t\t<\/div>\n\t\t<\/section>\n\t\t\t\t<section class=\"elementor-section elementor-top-section elementor-element elementor-element-3f89496 elementor-hidden-tablet elementor-hidden-mobile elementor-section-boxed elementor-section-height-default elementor-section-height-default\" data-id=\"3f89496\" data-element_type=\"section\" data-e-type=\"section\">\n\t\t\t\t\t\t<div class=\"elementor-container elementor-column-gap-default\">\n\t\t\t\t\t<div class=\"elementor-column elementor-col-100 elementor-top-column elementor-element elementor-element-2ff4953\" data-id=\"2ff4953\" data-element_type=\"column\" data-e-type=\"column\">\n\t\t\t<div class=\"elementor-widget-wrap elementor-element-populated\">\n\t\t\t\t\t\t<div class=\"elementor-element elementor-element-ec269fe elementor-widget-divider--view-line elementor-widget elementor-widget-divider\" data-id=\"ec269fe\" data-element_type=\"widget\" data-e-type=\"widget\" data-widget_type=\"divider.default\">\n\t\t\t\t<div class=\"elementor-widget-container\">\n\t\t\t\t\t\t\t<div class=\"elementor-divider\">\n\t\t\t<span class=\"elementor-divider-separator\">\n\t\t\t\t\t\t<\/span>\n\t\t<\/div>\n\t\t\t\t\t\t<\/div>\n\t\t\t\t<\/div>\n\t\t\t\t\t<\/div>\n\t\t<\/div>\n\t\t\t\t\t<\/div>\n\t\t<\/section>\n\t\t\t\t<section class=\"elementor-section elementor-top-section elementor-element elementor-element-ef249df elementor-section-boxed elementor-section-height-default elementor-section-height-default\" data-id=\"ef249df\" data-element_type=\"section\" data-e-type=\"section\">\n\t\t\t\t\t\t<div class=\"elementor-container elementor-column-gap-default\">\n\t\t\t\t\t<div class=\"elementor-column elementor-col-100 elementor-top-column elementor-element elementor-element-747e753\" data-id=\"747e753\" data-element_type=\"column\" data-e-type=\"column\">\n\t\t\t<div class=\"elementor-widget-wrap elementor-element-populated\">\n\t\t\t\t\t\t<div class=\"elementor-element elementor-element-c646036 elementor-widget elementor-widget-text-editor\" data-id=\"c646036\" data-element_type=\"widget\" data-e-type=\"widget\" data-widget_type=\"text-editor.default\">\n\t\t\t\t<div class=\"elementor-widget-container\">\n\t\t\t\t\t\t\t\t\t<h5>Die Schritte im Detail<\/h5>\t\t\t\t\t\t\t\t<\/div>\n\t\t\t\t<\/div>\n\t\t\t\t\t<\/div>\n\t\t<\/div>\n\t\t\t\t\t<\/div>\n\t\t<\/section>\n\t\t\t\t<section class=\"elementor-section elementor-top-section elementor-element elementor-element-d0f7295 elementor-section-boxed elementor-section-height-default elementor-section-height-default\" data-id=\"d0f7295\" data-element_type=\"section\" data-e-type=\"section\">\n\t\t\t\t\t\t<div class=\"elementor-container elementor-column-gap-default\">\n\t\t\t\t\t<div class=\"elementor-column elementor-col-33 elementor-top-column elementor-element elementor-element-e76bfe6\" data-id=\"e76bfe6\" data-element_type=\"column\" data-e-type=\"column\">\n\t\t\t<div class=\"elementor-widget-wrap elementor-element-populated\">\n\t\t\t\t\t\t<div class=\"elementor-element elementor-element-794faf2 elementor-widget elementor-widget-text-editor\" data-id=\"794faf2\" data-element_type=\"widget\" data-e-type=\"widget\" data-widget_type=\"text-editor.default\">\n\t\t\t\t<div class=\"elementor-widget-container\">\n\t\t\t\t\t\t\t\t\t<h1>1<\/h1>\t\t\t\t\t\t\t\t<\/div>\n\t\t\t\t<\/div>\n\t\t\t\t\t<\/div>\n\t\t<\/div>\n\t\t\t\t<div class=\"elementor-column elementor-col-66 elementor-top-column elementor-element elementor-element-5bfdc01\" data-id=\"5bfdc01\" data-element_type=\"column\" data-e-type=\"column\">\n\t\t\t<div class=\"elementor-widget-wrap elementor-element-populated\">\n\t\t\t\t\t\t<div class=\"elementor-element elementor-element-aefed3f elementor-widget elementor-widget-text-editor\" data-id=\"aefed3f\" data-element_type=\"widget\" data-e-type=\"widget\" data-widget_type=\"text-editor.default\">\n\t\t\t\t<div class=\"elementor-widget-container\">\n\t\t\t\t\t\t\t\t\t<p><strong>Wissen zum Bogenschie\u00dfen aneignen<\/strong><\/p><p>Als erstes solltest du dich allgemein \u00fcber das Bogenschie\u00dfen informieren. Es gibt unz\u00e4hlige Websites und B\u00fccher, die das entsprechende Wissen vermitteln k\u00f6nnen.Wenn du darauf keine Lust hast, \u00fcberspringe diesen Schritt gern und\u00a0 gehe gleich zu Schritt 2 \u00fcber.<\/p>\t\t\t\t\t\t\t\t<\/div>\n\t\t\t\t<\/div>\n\t\t\t\t\t<\/div>\n\t\t<\/div>\n\t\t\t\t\t<\/div>\n\t\t<\/section>\n\t\t\t\t<section class=\"elementor-section elementor-top-section elementor-element elementor-element-e72d398 elementor-section-boxed elementor-section-height-default elementor-section-height-default\" data-id=\"e72d398\" data-element_type=\"section\" data-e-type=\"section\">\n\t\t\t\t\t\t<div class=\"elementor-container elementor-column-gap-default\">\n\t\t\t\t\t<div class=\"elementor-column elementor-col-33 elementor-top-column elementor-element elementor-element-45294a6\" data-id=\"45294a6\" data-element_type=\"column\" data-e-type=\"column\">\n\t\t\t<div class=\"elementor-widget-wrap elementor-element-populated\">\n\t\t\t\t\t\t<div class=\"elementor-element elementor-element-7c5ca16 elementor-widget elementor-widget-text-editor\" data-id=\"7c5ca16\" data-element_type=\"widget\" data-e-type=\"widget\" data-widget_type=\"text-editor.default\">\n\t\t\t\t<div class=\"elementor-widget-container\">\n\t\t\t\t\t\t\t\t\t<h1>2<\/h1>\t\t\t\t\t\t\t\t<\/div>\n\t\t\t\t<\/div>\n\t\t\t\t\t<\/div>\n\t\t<\/div>\n\t\t\t\t<div class=\"elementor-column elementor-col-66 elementor-top-column elementor-element elementor-element-f0e2b85\" data-id=\"f0e2b85\" data-element_type=\"column\" data-e-type=\"column\">\n\t\t\t<div class=\"elementor-widget-wrap elementor-element-populated\">\n\t\t\t\t\t\t<div class=\"elementor-element elementor-element-52e3939 elementor-widget elementor-widget-text-editor\" data-id=\"52e3939\" data-element_type=\"widget\" data-e-type=\"widget\" data-widget_type=\"text-editor.default\">\n\t\t\t\t<div class=\"elementor-widget-container\">\n\t\t\t\t\t\t\t\t\t<p><strong>Verein suchen<\/strong><\/p><p>Schau dich in deiner Umgebung um oder schaue im Internet nach. In deiner N\u00e4he gibt es bestimmt einen passenden Verein.<\/p>\t\t\t\t\t\t\t\t<\/div>\n\t\t\t\t<\/div>\n\t\t\t\t\t<\/div>\n\t\t<\/div>\n\t\t\t\t\t<\/div>\n\t\t<\/section>\n\t\t\t\t<section class=\"elementor-section elementor-top-section elementor-element elementor-element-678ff3a elementor-section-boxed elementor-section-height-default elementor-section-height-default\" data-id=\"678ff3a\" data-element_type=\"section\" data-e-type=\"section\">\n\t\t\t\t\t\t<div class=\"elementor-container elementor-column-gap-default\">\n\t\t\t\t\t<div class=\"elementor-column elementor-col-33 elementor-top-column elementor-element elementor-element-27b1db3\" data-id=\"27b1db3\" data-element_type=\"column\" data-e-type=\"column\">\n\t\t\t<div class=\"elementor-widget-wrap elementor-element-populated\">\n\t\t\t\t\t\t<div class=\"elementor-element elementor-element-7de8f8e elementor-widget elementor-widget-text-editor\" data-id=\"7de8f8e\" data-element_type=\"widget\" data-e-type=\"widget\" data-widget_type=\"text-editor.default\">\n\t\t\t\t<div class=\"elementor-widget-container\">\n\t\t\t\t\t\t\t\t\t<h1>3<\/h1>\t\t\t\t\t\t\t\t<\/div>\n\t\t\t\t<\/div>\n\t\t\t\t\t<\/div>\n\t\t<\/div>\n\t\t\t\t<div class=\"elementor-column elementor-col-66 elementor-top-column elementor-element elementor-element-cf7d4a1\" data-id=\"cf7d4a1\" data-element_type=\"column\" data-e-type=\"column\">\n\t\t\t<div class=\"elementor-widget-wrap elementor-element-populated\">\n\t\t\t\t\t\t<div class=\"elementor-element elementor-element-9b04756 elementor-widget elementor-widget-text-editor\" data-id=\"9b04756\" data-element_type=\"widget\" data-e-type=\"widget\" data-widget_type=\"text-editor.default\">\n\t\t\t\t<div class=\"elementor-widget-container\">\n\t\t\t\t\t\t\t\t\t<p><strong>Bogenart ausw\u00e4hlen<\/strong><\/p><p>Sicher hast du bereits ein Gef\u00fchl, welchen Bogen du schie\u00dfen m\u00f6chtest.<\/p><p>Schaue dir genau die Bogenarten an, die es gibt, um deine Entscheidung zu festigen. Hier sind ein paar Beispiele:<\/p><ul><li>Langbogen<\/li><li>Blankbogen<\/li><li>Recurvebogen<\/li><li>Compoundbogen<\/li><\/ul>\t\t\t\t\t\t\t\t<\/div>\n\t\t\t\t<\/div>\n\t\t\t\t\t<\/div>\n\t\t<\/div>\n\t\t\t\t\t<\/div>\n\t\t<\/section>\n\t\t\t\t<section class=\"elementor-section elementor-top-section elementor-element elementor-element-6b12126 elementor-section-boxed elementor-section-height-default elementor-section-height-default\" data-id=\"6b12126\" data-element_type=\"section\" data-e-type=\"section\">\n\t\t\t\t\t\t<div class=\"elementor-container elementor-column-gap-default\">\n\t\t\t\t\t<div class=\"elementor-column elementor-col-33 elementor-top-column elementor-element elementor-element-df305bd\" data-id=\"df305bd\" data-element_type=\"column\" data-e-type=\"column\">\n\t\t\t<div class=\"elementor-widget-wrap elementor-element-populated\">\n\t\t\t\t\t\t<div class=\"elementor-element elementor-element-d182f4b elementor-widget elementor-widget-text-editor\" data-id=\"d182f4b\" data-element_type=\"widget\" data-e-type=\"widget\" data-widget_type=\"text-editor.default\">\n\t\t\t\t<div class=\"elementor-widget-container\">\n\t\t\t\t\t\t\t\t\t<h1>4<\/h1>\t\t\t\t\t\t\t\t<\/div>\n\t\t\t\t<\/div>\n\t\t\t\t\t<\/div>\n\t\t<\/div>\n\t\t\t\t<div class=\"elementor-column elementor-col-66 elementor-top-column elementor-element elementor-element-7531f66\" data-id=\"7531f66\" data-element_type=\"column\" data-e-type=\"column\">\n\t\t\t<div class=\"elementor-widget-wrap elementor-element-populated\">\n\t\t\t\t\t\t<div class=\"elementor-element elementor-element-1e864f5 elementor-widget elementor-widget-text-editor\" data-id=\"1e864f5\" data-element_type=\"widget\" data-e-type=\"widget\" data-widget_type=\"text-editor.default\">\n\t\t\t\t<div class=\"elementor-widget-container\">\n\t\t\t\t\t\t\t\t\t<p><strong>Bogenausr\u00fcstung besorgen<\/strong><\/p><p>Der Bogen, bestehend aus einem Mittelteil, zwei Wurfarmen und einer Sehne, reicht nicht, um schie\u00dfen zu k\u00f6nnen. Je nach Bogenart ist eine gewisse Ausr\u00fcstung empfehlenswert. Details f\u00fcr jede Bogenart k\u00f6nnen auf den unz\u00e4hligen Bogensport-Websites recherchiert werden. Einige Eindr\u00fccke sind auch <a href=\"https:\/\/bogensportrostock.de\/index.php\/wissenswertes-materialkunde\/\">hier<\/a> zu finden.<\/p>\t\t\t\t\t\t\t\t<\/div>\n\t\t\t\t<\/div>\n\t\t\t\t\t<\/div>\n\t\t<\/div>\n\t\t\t\t\t<\/div>\n\t\t<\/section>\n\t\t\t\t<section class=\"elementor-section elementor-top-section elementor-element elementor-element-87b727f elementor-section-boxed elementor-section-height-default elementor-section-height-default\" data-id=\"87b727f\" data-element_type=\"section\" data-e-type=\"section\">\n\t\t\t\t\t\t<div class=\"elementor-container elementor-column-gap-default\">\n\t\t\t\t\t<div class=\"elementor-column elementor-col-33 elementor-top-column elementor-element elementor-element-a1def38\" data-id=\"a1def38\" data-element_type=\"column\" data-e-type=\"column\">\n\t\t\t<div class=\"elementor-widget-wrap elementor-element-populated\">\n\t\t\t\t\t\t<div class=\"elementor-element elementor-element-a093b9e elementor-widget elementor-widget-text-editor\" data-id=\"a093b9e\" data-element_type=\"widget\" data-e-type=\"widget\" data-widget_type=\"text-editor.default\">\n\t\t\t\t<div class=\"elementor-widget-container\">\n\t\t\t\t\t\t\t\t\t<h1>5<\/h1>\t\t\t\t\t\t\t\t<\/div>\n\t\t\t\t<\/div>\n\t\t\t\t\t<\/div>\n\t\t<\/div>\n\t\t\t\t<div class=\"elementor-column elementor-col-66 elementor-top-column elementor-element elementor-element-7f876e4\" data-id=\"7f876e4\" data-element_type=\"column\" data-e-type=\"column\">\n\t\t\t<div class=\"elementor-widget-wrap elementor-element-populated\">\n\t\t\t\t\t\t<div class=\"elementor-element elementor-element-1b47e9d elementor-widget elementor-widget-text-editor\" data-id=\"1b47e9d\" data-element_type=\"widget\" data-e-type=\"widget\" data-widget_type=\"text-editor.default\">\n\t\t\t\t<div class=\"elementor-widget-container\">\n\t\t\t\t\t\t\t\t\t<p><strong>Schie\u00dftechnik und Haltung lernen<\/strong><\/p><p>Wer beim Bogenschie\u00dfen erfolgreich sein m\u00f6chte, sollte so viel wie m\u00f6glich trainieren. Dabei sollten Selbsterkenntnis und Selbstreflexion treue Begleiter sein. Augenmerk sollte hier auf die drei folgenden Kriterien gelegt werden:<\/p><ol><li>Geist<\/li><li>K\u00f6rper<\/li><li>Ausr\u00fcstung<\/li><\/ol><p>\u00a0<\/p><p>Bei der Schusstechnik sind<\/p><ol><li>der Stand,<\/li><li>der Bogengriff,<\/li><li>die Position des Bogenarms,<\/li><li>die Auszugsl\u00e4nge und<\/li><li>die Ankerposition<\/li><\/ol><p>die wesentlichen Kriterien, auf die geachtet werden sollte.<\/p>\t\t\t\t\t\t\t\t<\/div>\n\t\t\t\t<\/div>\n\t\t\t\t\t<\/div>\n\t\t<\/div>\n\t\t\t\t\t<\/div>\n\t\t<\/section>\n\t\t\t\t<section class=\"elementor-section elementor-top-section elementor-element elementor-element-56e9d67 elementor-section-boxed elementor-section-height-default elementor-section-height-default\" data-id=\"56e9d67\" data-element_type=\"section\" data-e-type=\"section\">\n\t\t\t\t\t\t<div class=\"elementor-container elementor-column-gap-default\">\n\t\t\t\t\t<div class=\"elementor-column elementor-col-33 elementor-top-column elementor-element elementor-element-571d904\" data-id=\"571d904\" data-element_type=\"column\" data-e-type=\"column\">\n\t\t\t<div class=\"elementor-widget-wrap elementor-element-populated\">\n\t\t\t\t\t\t<div class=\"elementor-element elementor-element-cba7bb6 elementor-widget elementor-widget-text-editor\" data-id=\"cba7bb6\" data-element_type=\"widget\" data-e-type=\"widget\" data-widget_type=\"text-editor.default\">\n\t\t\t\t<div class=\"elementor-widget-container\">\n\t\t\t\t\t\t\t\t\t<h1>6<\/h1>\t\t\t\t\t\t\t\t<\/div>\n\t\t\t\t<\/div>\n\t\t\t\t\t<\/div>\n\t\t<\/div>\n\t\t\t\t<div class=\"elementor-column elementor-col-66 elementor-top-column elementor-element elementor-element-3e45f82\" data-id=\"3e45f82\" data-element_type=\"column\" data-e-type=\"column\">\n\t\t\t<div class=\"elementor-widget-wrap elementor-element-populated\">\n\t\t\t\t\t\t<div class=\"elementor-element elementor-element-552ea6d elementor-widget elementor-widget-text-editor\" data-id=\"552ea6d\" data-element_type=\"widget\" data-e-type=\"widget\" data-widget_type=\"text-editor.default\">\n\t\t\t\t<div class=\"elementor-widget-container\">\n\t\t\t\t\t\t\t\t\t<p><strong>Regelm\u00e4\u00dfig trainieren<br \/><\/strong><\/p><p>Dazu l\u00e4sst sich sagen&#8230; trainieren, trainieren, trainieren. Und das nicht nur mit Zielen auf eine Zielscheibe, sondern auch blank und mit geschlossenen Augen. Somit kann die Konzentration besser auf das Schie\u00dfgef\u00fchl gelenkt werden.<\/p>\t\t\t\t\t\t\t\t<\/div>\n\t\t\t\t<\/div>\n\t\t\t\t\t<\/div>\n\t\t<\/div>\n\t\t\t\t\t<\/div>\n\t\t<\/section>\n\t\t\t\t<section class=\"elementor-section elementor-top-section elementor-element elementor-element-ada816d elementor-section-boxed elementor-section-height-default elementor-section-height-default\" data-id=\"ada816d\" data-element_type=\"section\" data-e-type=\"section\">\n\t\t\t\t\t\t<div class=\"elementor-container elementor-column-gap-default\">\n\t\t\t\t\t<div class=\"elementor-column elementor-col-100 elementor-top-column elementor-element elementor-element-59837ca\" data-id=\"59837ca\" data-element_type=\"column\" data-e-type=\"column\">\n\t\t\t<div class=\"elementor-widget-wrap elementor-element-populated\">\n\t\t\t\t\t\t<div class=\"elementor-element elementor-element-a0262d2 elementor-widget-divider--view-line elementor-widget elementor-widget-divider\" data-id=\"a0262d2\" data-element_type=\"widget\" data-e-type=\"widget\" data-widget_type=\"divider.default\">\n\t\t\t\t<div class=\"elementor-widget-container\">\n\t\t\t\t\t\t\t<div class=\"elementor-divider\">\n\t\t\t<span class=\"elementor-divider-separator\">\n\t\t\t\t\t\t<\/span>\n\t\t<\/div>\n\t\t\t\t\t\t<\/div>\n\t\t\t\t<\/div>\n\t\t\t\t\t<\/div>\n\t\t<\/div>\n\t\t\t\t\t<\/div>\n\t\t<\/section>\n\t\t\t\t<\/div>\n\t\t","protected":false},"excerpt":{"rendered":"<p>Schie\u00df-Grundlagen SCHIE\u00df-GRUNDLAGEN Bogenschie\u00dfen&#8230; die wesentlichen Schritte Wissen zum Bogenschie\u00dfen aneignen Verein suchen Bogenart ausw\u00e4hlen Bogenausr\u00fcstung besorgen Schie\u00dftechnik und Haltung lernen Regelm\u00e4\u00dfig trainieren Die Schritte im Detail 1 Wissen zum Bogenschie\u00dfen aneignen Als erstes solltest du dich allgemein \u00fcber das Bogenschie\u00dfen informieren. Es gibt unz\u00e4hlige Websites und B\u00fccher, die das entsprechende Wissen vermitteln k\u00f6nnen.Wenn du darauf [&hellip;]<\/p>\n","protected":false},"author":2,"featured_media":0,"parent":0,"menu_order":0,"comment_status":"closed","ping_status":"closed","template":"","meta":{"footnotes":""},"class_list":["post-469","page","type-page","status-publish","hentry"],"_links":{"self":[{"href":"https:\/\/bogensportrostock.de\/index.php\/wp-json\/wp\/v2\/pages\/469","targetHints":{"allow":["GET"]}}],"collection":[{"href":"https:\/\/bogensportrostock.de\/index.php\/wp-json\/wp\/v2\/pages"}],"about":[{"href":"https:\/\/bogensportrostock.de\/index.php\/wp-json\/wp\/v2\/types\/page"}],"author":[{"embeddable":true,"href":"https:\/\/bogensportrostock.de\/index.php\/wp-json\/wp\/v2\/users\/2"}],"replies":[{"embeddable":true,"href":"https:\/\/bogensportrostock.de\/index.php\/wp-json\/wp\/v2\/comments?post=469"}],"version-history":[{"count":70,"href":"https:\/\/bogensportrostock.de\/index.php\/wp-json\/wp\/v2\/pages\/469\/revisions"}],"predecessor-version":[{"id":2161,"href":"https:\/\/bogensportrostock.de\/index.php\/wp-json\/wp\/v2\/pages\/469\/revisions\/2161"}],"wp:attachment":[{"href":"https:\/\/bogensportrostock.de\/index.php\/wp-json\/wp\/v2\/media?parent=469"}],"curies":[{"name":"wp","href":"https:\/\/api.w.org\/{rel}","templated":true}]}}