{"id":382,"date":"2022-11-25T22:54:03","date_gmt":"2022-11-25T21:54:03","guid":{"rendered":"http:\/\/neu.bogensportrostock.de\/?page_id=382"},"modified":"2023-02-26T21:31:07","modified_gmt":"2023-02-26T20:31:07","slug":"regionalliga","status":"publish","type":"page","link":"https:\/\/bogensportrostock.de\/index.php\/regionalliga\/","title":{"rendered":"Regionalliga"},"content":{"rendered":"\t\t<div data-elementor-type=\"wp-page\" data-elementor-id=\"382\" class=\"elementor elementor-382\">\n\t\t\t\t\t\t<section class=\"elementor-section elementor-top-section elementor-element elementor-element-fb1bb59 elementor-hidden-mobile elementor-section-boxed elementor-section-height-default elementor-section-height-default\" data-id=\"fb1bb59\" data-element_type=\"section\" data-e-type=\"section\">\n\t\t\t\t\t\t<div class=\"elementor-container elementor-column-gap-default\">\n\t\t\t\t\t<div class=\"elementor-column elementor-col-100 elementor-top-column elementor-element elementor-element-0335d29\" data-id=\"0335d29\" data-element_type=\"column\" data-e-type=\"column\">\n\t\t\t<div class=\"elementor-widget-wrap elementor-element-populated\">\n\t\t\t\t\t\t<div class=\"elementor-element elementor-element-c09a3ab elementor-widget elementor-widget-heading\" data-id=\"c09a3ab\" data-element_type=\"widget\" data-e-type=\"widget\" data-widget_type=\"heading.default\">\n\t\t\t\t<div class=\"elementor-widget-container\">\n\t\t\t\t\t<h2 class=\"elementor-heading-title elementor-size-default\">Regionalliga<\/h2>\t\t\t\t<\/div>\n\t\t\t\t<\/div>\n\t\t\t\t\t<\/div>\n\t\t<\/div>\n\t\t\t\t\t<\/div>\n\t\t<\/section>\n\t\t\t\t<section class=\"elementor-section elementor-top-section elementor-element elementor-element-932ae25 elementor-hidden-tablet elementor-hidden-mobile elementor-section-boxed elementor-section-height-default elementor-section-height-default\" data-id=\"932ae25\" data-element_type=\"section\" data-e-type=\"section\">\n\t\t\t\t\t\t<div class=\"elementor-container elementor-column-gap-default\">\n\t\t\t\t\t<div class=\"elementor-column elementor-col-100 elementor-top-column elementor-element elementor-element-8999f35\" data-id=\"8999f35\" data-element_type=\"column\" data-e-type=\"column\">\n\t\t\t<div class=\"elementor-widget-wrap elementor-element-populated\">\n\t\t\t\t\t\t<div class=\"elementor-element elementor-element-f980634 elementor-widget-divider--view-line elementor-widget elementor-widget-divider\" data-id=\"f980634\" data-element_type=\"widget\" data-e-type=\"widget\" data-widget_type=\"divider.default\">\n\t\t\t\t<div class=\"elementor-widget-container\">\n\t\t\t\t\t\t\t<div class=\"elementor-divider\">\n\t\t\t<span class=\"elementor-divider-separator\">\n\t\t\t\t\t\t<\/span>\n\t\t<\/div>\n\t\t\t\t\t\t<\/div>\n\t\t\t\t<\/div>\n\t\t\t\t\t<\/div>\n\t\t<\/div>\n\t\t\t\t\t<\/div>\n\t\t<\/section>\n\t\t\t\t<section class=\"elementor-section elementor-top-section elementor-element elementor-element-eee0635 elementor-hidden-desktop elementor-hidden-tablet elementor-section-boxed elementor-section-height-default elementor-section-height-default\" data-id=\"eee0635\" data-element_type=\"section\" data-e-type=\"section\">\n\t\t\t\t\t\t<div class=\"elementor-container elementor-column-gap-default\">\n\t\t\t\t\t<div class=\"elementor-column elementor-col-100 elementor-top-column elementor-element elementor-element-ed38c02\" data-id=\"ed38c02\" data-element_type=\"column\" data-e-type=\"column\">\n\t\t\t<div class=\"elementor-widget-wrap elementor-element-populated\">\n\t\t\t\t\t\t<div class=\"elementor-element elementor-element-65a6c67 elementor-widget elementor-widget-text-editor\" data-id=\"65a6c67\" data-element_type=\"widget\" data-e-type=\"widget\" data-widget_type=\"text-editor.default\">\n\t\t\t\t<div class=\"elementor-widget-container\">\n\t\t\t\t\t\t\t\t\t<h3>REGIONALLIGA<\/h3>\t\t\t\t\t\t\t\t<\/div>\n\t\t\t\t<\/div>\n\t\t\t\t\t<\/div>\n\t\t<\/div>\n\t\t\t\t\t<\/div>\n\t\t<\/section>\n\t\t\t\t<section class=\"elementor-section elementor-top-section elementor-element elementor-element-05578c2 elementor-hidden-desktop elementor-hidden-tablet elementor-section-boxed elementor-section-height-default elementor-section-height-default\" data-id=\"05578c2\" data-element_type=\"section\" data-e-type=\"section\">\n\t\t\t\t\t\t<div class=\"elementor-container elementor-column-gap-default\">\n\t\t\t\t\t<div class=\"elementor-column elementor-col-100 elementor-top-column elementor-element elementor-element-40946ed\" data-id=\"40946ed\" data-element_type=\"column\" data-e-type=\"column\">\n\t\t\t<div class=\"elementor-widget-wrap elementor-element-populated\">\n\t\t\t\t\t\t<div class=\"elementor-element elementor-element-d60107e elementor-widget-divider--view-line elementor-widget elementor-widget-divider\" data-id=\"d60107e\" data-element_type=\"widget\" data-e-type=\"widget\" data-widget_type=\"divider.default\">\n\t\t\t\t<div class=\"elementor-widget-container\">\n\t\t\t\t\t\t\t<div class=\"elementor-divider\">\n\t\t\t<span class=\"elementor-divider-separator\">\n\t\t\t\t\t\t<\/span>\n\t\t<\/div>\n\t\t\t\t\t\t<\/div>\n\t\t\t\t<\/div>\n\t\t\t\t\t<\/div>\n\t\t<\/div>\n\t\t\t\t\t<\/div>\n\t\t<\/section>\n\t\t\t\t<section class=\"elementor-section elementor-top-section elementor-element elementor-element-ef0dada elementor-section-boxed elementor-section-height-default elementor-section-height-default\" data-id=\"ef0dada\" data-element_type=\"section\" data-e-type=\"section\">\n\t\t\t\t\t\t<div class=\"elementor-container elementor-column-gap-default\">\n\t\t\t\t\t<div class=\"elementor-column elementor-col-100 elementor-top-column elementor-element elementor-element-ff5355b\" data-id=\"ff5355b\" data-element_type=\"column\" data-e-type=\"column\">\n\t\t\t<div class=\"elementor-widget-wrap elementor-element-populated\">\n\t\t\t\t\t\t<div class=\"elementor-element elementor-element-47e7b26 elementor-widget elementor-widget-text-editor\" data-id=\"47e7b26\" data-element_type=\"widget\" data-e-type=\"widget\" data-widget_type=\"text-editor.default\">\n\t\t\t\t<div class=\"elementor-widget-container\">\n\t\t\t\t\t\t\t\t\t<h6><em>Gemeinsam stark<\/em><\/h6>\t\t\t\t\t\t\t\t<\/div>\n\t\t\t\t<\/div>\n\t\t\t\t\t<\/div>\n\t\t<\/div>\n\t\t\t\t\t<\/div>\n\t\t<\/section>\n\t\t\t\t<section class=\"elementor-section elementor-top-section elementor-element elementor-element-7ede9be elementor-section-boxed elementor-section-height-default elementor-section-height-default\" data-id=\"7ede9be\" data-element_type=\"section\" data-e-type=\"section\">\n\t\t\t\t\t\t<div class=\"elementor-container elementor-column-gap-default\">\n\t\t\t\t\t<div class=\"elementor-column elementor-col-100 elementor-top-column elementor-element elementor-element-84b6909\" data-id=\"84b6909\" data-element_type=\"column\" data-e-type=\"column\">\n\t\t\t<div class=\"elementor-widget-wrap elementor-element-populated\">\n\t\t\t\t\t\t<div class=\"elementor-element elementor-element-20e7f86 elementor-widget elementor-widget-text-editor\" data-id=\"20e7f86\" data-element_type=\"widget\" data-e-type=\"widget\" data-widget_type=\"text-editor.default\">\n\t\t\t\t<div class=\"elementor-widget-container\">\n\t\t\t\t\t\t\t\t\t<p>Bei der Regionalliga treten Mannschaften aus den neuen Bundesl\u00e4ndern in der Klasse Recurve gegeneinander an.<\/p><p class=\"moz-quote-pre\">W\u00e4hrend man bei den Turnieren nur f\u00fcr sich selber schie\u00dfen kann, wird in der Bogenliga das Bogenschie\u00dfen als Mannschaftssport durchgef\u00fchrt. Drei Bogensch\u00fctzen bilden eine Mannschaft und es werden innerhalb von 2 Minuten jeweils 2 Pfeile geschossen.<\/p><p class=\"moz-quote-pre\">Bei einem Ligawettkampf geht es nicht so ruhig zu wie bei einem Turnier, da wird angefeuert und h\u00e4ufig werden die Emotionen nach einem Schuss h\u00f6rbar. Der Zeitdruck schafft die notwendige Brisants in den Wettkampf, um auch gute Sch\u00fctzen ab und an in einen Fehler zu treiben.<\/p><p class=\"moz-quote-pre\">Seit der Saison 2014\/15 wird im Recurvebereich in den Begegnungen nach dem Satzsystem geschossen. Dabei bezeichnet ein Satz eine Passe. Nach jeder Passe werden die Ringe dieser einen Passe gez\u00e4hlt, den Satz gewonnen hat die Mannschaft mit der h\u00f6heren Ringzahl. Sie erh\u00e4lt zwei Satzpunkte, bei einem Unentschieden (Ringgleichheit) erh\u00e4lt jedes Team einen Satzpunkt. Die Ringe gelten nur f\u00fcr diesen einen Satz. Das Match gewinnt die Mannschaft, die zuerst sechs Satzpunkte erreicht, das kann fr\u00fchestens nach drei S\u00e4tzen der Fall sein. Diese Mannschaft erh\u00e4lt zwei Matchpunkte. Da maximal f\u00fcnf S\u00e4tze je Match geschossen werden, ist auch ein 5:5 nach Satzpunkten m\u00f6glich, somit endet das Match unentschieden und beide Mannschaften erhalten je einen Matchpunkt.<\/p>\t\t\t\t\t\t\t\t<\/div>\n\t\t\t\t<\/div>\n\t\t\t\t\t<\/div>\n\t\t<\/div>\n\t\t\t\t\t<\/div>\n\t\t<\/section>\n\t\t\t\t<section class=\"elementor-section elementor-top-section elementor-element elementor-element-d9e6f53 elementor-section-boxed elementor-section-height-default elementor-section-height-default\" data-id=\"d9e6f53\" data-element_type=\"section\" data-e-type=\"section\">\n\t\t\t\t\t\t<div class=\"elementor-container elementor-column-gap-default\">\n\t\t\t\t\t<div class=\"elementor-column elementor-col-25 elementor-top-column elementor-element elementor-element-70de151\" data-id=\"70de151\" data-element_type=\"column\" data-e-type=\"column\">\n\t\t\t<div class=\"elementor-widget-wrap elementor-element-populated\">\n\t\t\t\t\t\t<div class=\"elementor-element elementor-element-91326bd elementor-widget elementor-widget-image\" data-id=\"91326bd\" data-element_type=\"widget\" data-e-type=\"widget\" data-widget_type=\"image.default\">\n\t\t\t\t<div class=\"elementor-widget-container\">\n\t\t\t\t\t\t\t\t\t\t\t\t\t\t\t<img fetchpriority=\"high\" decoding=\"async\" width=\"610\" height=\"349\" src=\"https:\/\/bogensportrostock.de\/wp-content\/uploads\/2022\/12\/aedee707-6a4f-4a47-9438-8462f3e6424e.jpg\" class=\"attachment-large size-large wp-image-866\" alt=\"\" srcset=\"https:\/\/bogensportrostock.de\/wp-content\/uploads\/2022\/12\/aedee707-6a4f-4a47-9438-8462f3e6424e.jpg 610w, https:\/\/bogensportrostock.de\/wp-content\/uploads\/2022\/12\/aedee707-6a4f-4a47-9438-8462f3e6424e-300x172.jpg 300w\" sizes=\"(max-width: 610px) 100vw, 610px\" \/>\t\t\t\t\t\t\t\t\t\t\t\t\t\t\t<\/div>\n\t\t\t\t<\/div>\n\t\t\t\t\t<\/div>\n\t\t<\/div>\n\t\t\t\t<div class=\"elementor-column elementor-col-50 elementor-top-column elementor-element elementor-element-fdc1bf4\" data-id=\"fdc1bf4\" data-element_type=\"column\" data-e-type=\"column\">\n\t\t\t<div class=\"elementor-widget-wrap elementor-element-populated\">\n\t\t\t\t\t\t<div class=\"elementor-element elementor-element-5ca2e65 elementor-widget elementor-widget-image\" data-id=\"5ca2e65\" data-element_type=\"widget\" data-e-type=\"widget\" data-widget_type=\"image.default\">\n\t\t\t\t<div class=\"elementor-widget-container\">\n\t\t\t\t\t\t\t\t\t\t\t\t\t\t\t<img decoding=\"async\" width=\"800\" height=\"450\" src=\"https:\/\/bogensportrostock.de\/wp-content\/uploads\/2022\/11\/d935c3b5-352a-4c56-9b2a-a37812e2212b-1024x576.jpg\" class=\"attachment-large size-large wp-image-644\" alt=\"\" srcset=\"https:\/\/bogensportrostock.de\/wp-content\/uploads\/2022\/11\/d935c3b5-352a-4c56-9b2a-a37812e2212b-1024x576.jpg 1024w, https:\/\/bogensportrostock.de\/wp-content\/uploads\/2022\/11\/d935c3b5-352a-4c56-9b2a-a37812e2212b-300x169.jpg 300w, https:\/\/bogensportrostock.de\/wp-content\/uploads\/2022\/11\/d935c3b5-352a-4c56-9b2a-a37812e2212b-768x432.jpg 768w, https:\/\/bogensportrostock.de\/wp-content\/uploads\/2022\/11\/d935c3b5-352a-4c56-9b2a-a37812e2212b-1536x864.jpg 1536w, https:\/\/bogensportrostock.de\/wp-content\/uploads\/2022\/11\/d935c3b5-352a-4c56-9b2a-a37812e2212b.jpg 1920w\" sizes=\"(max-width: 800px) 100vw, 800px\" \/>\t\t\t\t\t\t\t\t\t\t\t\t\t\t\t<\/div>\n\t\t\t\t<\/div>\n\t\t\t\t\t<\/div>\n\t\t<\/div>\n\t\t\t\t<div class=\"elementor-column elementor-col-25 elementor-top-column elementor-element elementor-element-7cce93a\" data-id=\"7cce93a\" data-element_type=\"column\" data-e-type=\"column\">\n\t\t\t<div class=\"elementor-widget-wrap elementor-element-populated\">\n\t\t\t\t\t\t<div class=\"elementor-element elementor-element-b810f3c elementor-widget elementor-widget-image\" data-id=\"b810f3c\" data-element_type=\"widget\" data-e-type=\"widget\" data-widget_type=\"image.default\">\n\t\t\t\t<div class=\"elementor-widget-container\">\n\t\t\t\t\t\t\t\t\t\t\t\t\t\t\t<img decoding=\"async\" width=\"800\" height=\"475\" src=\"https:\/\/bogensportrostock.de\/wp-content\/uploads\/2022\/12\/IMG_1798-1024x608.jpg\" class=\"attachment-large size-large wp-image-868\" alt=\"\" srcset=\"https:\/\/bogensportrostock.de\/wp-content\/uploads\/2022\/12\/IMG_1798-1024x608.jpg 1024w, https:\/\/bogensportrostock.de\/wp-content\/uploads\/2022\/12\/IMG_1798-300x178.jpg 300w, https:\/\/bogensportrostock.de\/wp-content\/uploads\/2022\/12\/IMG_1798-768x456.jpg 768w, https:\/\/bogensportrostock.de\/wp-content\/uploads\/2022\/12\/IMG_1798.jpg 1040w\" sizes=\"(max-width: 800px) 100vw, 800px\" \/>\t\t\t\t\t\t\t\t\t\t\t\t\t\t\t<\/div>\n\t\t\t\t<\/div>\n\t\t\t\t\t<\/div>\n\t\t<\/div>\n\t\t\t\t\t<\/div>\n\t\t<\/section>\n\t\t\t\t<section class=\"elementor-section elementor-top-section elementor-element elementor-element-807dd44 elementor-section-boxed elementor-section-height-default elementor-section-height-default\" data-id=\"807dd44\" data-element_type=\"section\" data-e-type=\"section\">\n\t\t\t\t\t\t<div class=\"elementor-container elementor-column-gap-default\">\n\t\t\t\t\t<div class=\"elementor-column elementor-col-100 elementor-top-column elementor-element elementor-element-62ec236\" data-id=\"62ec236\" data-element_type=\"column\" data-e-type=\"column\">\n\t\t\t<div class=\"elementor-widget-wrap elementor-element-populated\">\n\t\t\t\t\t\t<div class=\"elementor-element elementor-element-8ea7f1c elementor-widget-divider--view-line elementor-widget elementor-widget-divider\" data-id=\"8ea7f1c\" data-element_type=\"widget\" data-e-type=\"widget\" data-widget_type=\"divider.default\">\n\t\t\t\t<div class=\"elementor-widget-container\">\n\t\t\t\t\t\t\t<div class=\"elementor-divider\">\n\t\t\t<span class=\"elementor-divider-separator\">\n\t\t\t\t\t\t<\/span>\n\t\t<\/div>\n\t\t\t\t\t\t<\/div>\n\t\t\t\t<\/div>\n\t\t\t\t\t<\/div>\n\t\t<\/div>\n\t\t\t\t\t<\/div>\n\t\t<\/section>\n\t\t\t\t<\/div>\n\t\t","protected":false},"excerpt":{"rendered":"<p>Regionalliga REGIONALLIGA Gemeinsam stark Bei der Regionalliga treten Mannschaften aus den neuen Bundesl\u00e4ndern in der Klasse Recurve gegeneinander an. W\u00e4hrend man bei den Turnieren nur f\u00fcr sich selber schie\u00dfen kann, wird in der Bogenliga das Bogenschie\u00dfen als Mannschaftssport durchgef\u00fchrt. Drei Bogensch\u00fctzen bilden eine Mannschaft und es werden innerhalb von 2 Minuten jeweils 2 Pfeile geschossen. [&hellip;]<\/p>\n","protected":false},"author":2,"featured_media":0,"parent":0,"menu_order":0,"comment_status":"closed","ping_status":"closed","template":"","meta":{"footnotes":""},"class_list":["post-382","page","type-page","status-publish","hentry"],"_links":{"self":[{"href":"https:\/\/bogensportrostock.de\/index.php\/wp-json\/wp\/v2\/pages\/382","targetHints":{"allow":["GET"]}}],"collection":[{"href":"https:\/\/bogensportrostock.de\/index.php\/wp-json\/wp\/v2\/pages"}],"about":[{"href":"https:\/\/bogensportrostock.de\/index.php\/wp-json\/wp\/v2\/types\/page"}],"author":[{"embeddable":true,"href":"https:\/\/bogensportrostock.de\/index.php\/wp-json\/wp\/v2\/users\/2"}],"replies":[{"embeddable":true,"href":"https:\/\/bogensportrostock.de\/index.php\/wp-json\/wp\/v2\/comments?post=382"}],"version-history":[{"count":58,"href":"https:\/\/bogensportrostock.de\/index.php\/wp-json\/wp\/v2\/pages\/382\/revisions"}],"predecessor-version":[{"id":2286,"href":"https:\/\/bogensportrostock.de\/index.php\/wp-json\/wp\/v2\/pages\/382\/revisions\/2286"}],"wp:attachment":[{"href":"https:\/\/bogensportrostock.de\/index.php\/wp-json\/wp\/v2\/media?parent=382"}],"curies":[{"name":"wp","href":"https:\/\/api.w.org\/{rel}","templated":true}]}}