{"id":2797,"date":"2024-01-28T15:51:58","date_gmt":"2024-01-28T14:51:58","guid":{"rendered":"http:\/\/bogensportrostock.de\/?page_id=2797"},"modified":"2024-01-28T19:16:55","modified_gmt":"2024-01-28T18:16:55","slug":"shop","status":"publish","type":"page","link":"https:\/\/bogensportrostock.de\/index.php\/shop\/","title":{"rendered":"Shop"},"content":{"rendered":"\t\t<div data-elementor-type=\"wp-page\" data-elementor-id=\"2797\" class=\"elementor elementor-2797\">\n\t\t\t\t\t\t<section class=\"elementor-section elementor-top-section elementor-element elementor-element-640102d elementor-section-boxed elementor-section-height-default elementor-section-height-default\" data-id=\"640102d\" data-element_type=\"section\" data-e-type=\"section\">\n\t\t\t\t\t\t<div class=\"elementor-container elementor-column-gap-default\">\n\t\t\t\t\t<div class=\"elementor-column elementor-col-100 elementor-top-column elementor-element elementor-element-ab7f933\" data-id=\"ab7f933\" data-element_type=\"column\" data-e-type=\"column\">\n\t\t\t<div class=\"elementor-widget-wrap elementor-element-populated\">\n\t\t\t\t\t\t<div class=\"elementor-element elementor-element-d3a4a2f elementor-widget elementor-widget-heading\" data-id=\"d3a4a2f\" data-element_type=\"widget\" data-e-type=\"widget\" data-widget_type=\"heading.default\">\n\t\t\t\t<div class=\"elementor-widget-container\">\n\t\t\t\t\t<h2 class=\"elementor-heading-title elementor-size-default\">LOK-FanShop<\/h2>\t\t\t\t<\/div>\n\t\t\t\t<\/div>\n\t\t\t\t\t<\/div>\n\t\t<\/div>\n\t\t\t\t\t<\/div>\n\t\t<\/section>\n\t\t\t\t<section class=\"elementor-section elementor-top-section elementor-element elementor-element-5571cda elementor-section-boxed elementor-section-height-default elementor-section-height-default\" data-id=\"5571cda\" data-element_type=\"section\" data-e-type=\"section\">\n\t\t\t\t\t\t<div class=\"elementor-container elementor-column-gap-default\">\n\t\t\t\t\t<div class=\"elementor-column elementor-col-100 elementor-top-column elementor-element elementor-element-ee11fdf\" data-id=\"ee11fdf\" data-element_type=\"column\" data-e-type=\"column\">\n\t\t\t<div class=\"elementor-widget-wrap elementor-element-populated\">\n\t\t\t\t\t\t<div class=\"elementor-element elementor-element-5d2a1c5 elementor-widget-divider--view-line elementor-widget elementor-widget-divider\" data-id=\"5d2a1c5\" data-element_type=\"widget\" data-e-type=\"widget\" data-widget_type=\"divider.default\">\n\t\t\t\t<div class=\"elementor-widget-container\">\n\t\t\t\t\t\t\t<div class=\"elementor-divider\">\n\t\t\t<span class=\"elementor-divider-separator\">\n\t\t\t\t\t\t<\/span>\n\t\t<\/div>\n\t\t\t\t\t\t<\/div>\n\t\t\t\t<\/div>\n\t\t\t\t\t<\/div>\n\t\t<\/div>\n\t\t\t\t\t<\/div>\n\t\t<\/section>\n\t\t\t\t<section class=\"elementor-section elementor-top-section elementor-element elementor-element-67479bd elementor-section-boxed elementor-section-height-default elementor-section-height-default\" data-id=\"67479bd\" data-element_type=\"section\" data-e-type=\"section\">\n\t\t\t\t\t\t<div class=\"elementor-container elementor-column-gap-default\">\n\t\t\t\t\t<div class=\"elementor-column elementor-col-100 elementor-top-column elementor-element elementor-element-b352730\" data-id=\"b352730\" data-element_type=\"column\" data-e-type=\"column\">\n\t\t\t<div class=\"elementor-widget-wrap elementor-element-populated\">\n\t\t\t\t\t\t<div class=\"elementor-element elementor-element-6f92df6 elementor-widget elementor-widget-text-editor\" data-id=\"6f92df6\" data-element_type=\"widget\" data-e-type=\"widget\" data-widget_type=\"text-editor.default\">\n\t\t\t\t<div class=\"elementor-widget-container\">\n\t\t\t\t\t\t\t\t\t<p><strong><em>Wir wachsen zusammen durch einheitliches Auftreten.<\/em><\/strong><\/p>\t\t\t\t\t\t\t\t<\/div>\n\t\t\t\t<\/div>\n\t\t\t\t\t<\/div>\n\t\t<\/div>\n\t\t\t\t\t<\/div>\n\t\t<\/section>\n\t\t\t\t<section class=\"elementor-section elementor-top-section elementor-element elementor-element-79b9284 elementor-section-boxed elementor-section-height-default elementor-section-height-default\" data-id=\"79b9284\" data-element_type=\"section\" data-e-type=\"section\">\n\t\t\t\t\t\t<div class=\"elementor-container elementor-column-gap-default\">\n\t\t\t\t\t<div class=\"elementor-column elementor-col-100 elementor-top-column elementor-element elementor-element-fe0c00c\" data-id=\"fe0c00c\" data-element_type=\"column\" data-e-type=\"column\">\n\t\t\t<div class=\"elementor-widget-wrap elementor-element-populated\">\n\t\t\t\t\t\t<div class=\"elementor-element elementor-element-866c037 elementor-widget elementor-widget-text-editor\" data-id=\"866c037\" data-element_type=\"widget\" data-e-type=\"widget\" data-widget_type=\"text-editor.default\">\n\t\t\t\t<div class=\"elementor-widget-container\">\n\t\t\t\t\t\t\t\t\t<h6><strong>HIER GEHT`S DIREKT ZUM SHOP: <\/strong><\/h6><h6><strong><a href=\"https:\/\/lok-fanshop.de\">https:\/\/lok-fanshop.de<\/a><\/strong><\/h6>\t\t\t\t\t\t\t\t<\/div>\n\t\t\t\t<\/div>\n\t\t\t\t\t<\/div>\n\t\t<\/div>\n\t\t\t\t\t<\/div>\n\t\t<\/section>\n\t\t\t\t<section class=\"elementor-section elementor-top-section elementor-element elementor-element-0887a87 elementor-section-boxed elementor-section-height-default elementor-section-height-default\" data-id=\"0887a87\" data-element_type=\"section\" data-e-type=\"section\">\n\t\t\t\t\t\t<div class=\"elementor-container elementor-column-gap-default\">\n\t\t\t\t\t<div class=\"elementor-column elementor-col-100 elementor-top-column elementor-element elementor-element-ad24d0c\" data-id=\"ad24d0c\" data-element_type=\"column\" data-e-type=\"column\">\n\t\t\t<div class=\"elementor-widget-wrap elementor-element-populated\">\n\t\t\t\t\t\t<div class=\"elementor-element elementor-element-2c19293 elementor-widget elementor-widget-image\" data-id=\"2c19293\" data-element_type=\"widget\" data-e-type=\"widget\" data-widget_type=\"image.default\">\n\t\t\t\t<div class=\"elementor-widget-container\">\n\t\t\t\t\t\t\t\t\t\t\t\t\t\t\t<img fetchpriority=\"high\" decoding=\"async\" width=\"800\" height=\"532\" src=\"https:\/\/bogensportrostock.de\/wp-content\/uploads\/2024\/01\/Shop-1024x681.png\" class=\"attachment-large size-large wp-image-2837\" alt=\"\" srcset=\"https:\/\/bogensportrostock.de\/wp-content\/uploads\/2024\/01\/Shop-1024x681.png 1024w, https:\/\/bogensportrostock.de\/wp-content\/uploads\/2024\/01\/Shop-300x199.png 300w, https:\/\/bogensportrostock.de\/wp-content\/uploads\/2024\/01\/Shop-768x510.png 768w, https:\/\/bogensportrostock.de\/wp-content\/uploads\/2024\/01\/Shop-1536x1021.png 1536w, https:\/\/bogensportrostock.de\/wp-content\/uploads\/2024\/01\/Shop.png 1610w\" sizes=\"(max-width: 800px) 100vw, 800px\" \/>\t\t\t\t\t\t\t\t\t\t\t\t\t\t\t<\/div>\n\t\t\t\t<\/div>\n\t\t\t\t\t<\/div>\n\t\t<\/div>\n\t\t\t\t\t<\/div>\n\t\t<\/section>\n\t\t\t\t<section class=\"elementor-section elementor-top-section elementor-element elementor-element-e2d74a5 elementor-section-boxed elementor-section-height-default elementor-section-height-default\" data-id=\"e2d74a5\" data-element_type=\"section\" data-e-type=\"section\">\n\t\t\t\t\t\t<div class=\"elementor-container elementor-column-gap-default\">\n\t\t\t\t\t<div class=\"elementor-column elementor-col-100 elementor-top-column elementor-element elementor-element-c58ce3c\" data-id=\"c58ce3c\" data-element_type=\"column\" data-e-type=\"column\">\n\t\t\t<div class=\"elementor-widget-wrap elementor-element-populated\">\n\t\t\t\t\t\t<div class=\"elementor-element elementor-element-639213e elementor-widget-divider--view-line elementor-widget elementor-widget-divider\" data-id=\"639213e\" data-element_type=\"widget\" data-e-type=\"widget\" data-widget_type=\"divider.default\">\n\t\t\t\t<div class=\"elementor-widget-container\">\n\t\t\t\t\t\t\t<div class=\"elementor-divider\">\n\t\t\t<span class=\"elementor-divider-separator\">\n\t\t\t\t\t\t<\/span>\n\t\t<\/div>\n\t\t\t\t\t\t<\/div>\n\t\t\t\t<\/div>\n\t\t\t\t\t<\/div>\n\t\t<\/div>\n\t\t\t\t\t<\/div>\n\t\t<\/section>\n\t\t\t\t<section class=\"elementor-section elementor-top-section elementor-element elementor-element-a38a5f8 elementor-section-boxed elementor-section-height-default elementor-section-height-default\" data-id=\"a38a5f8\" data-element_type=\"section\" data-e-type=\"section\">\n\t\t\t\t\t\t<div class=\"elementor-container elementor-column-gap-default\">\n\t\t\t\t\t<div class=\"elementor-column elementor-col-100 elementor-top-column elementor-element elementor-element-888ae03\" data-id=\"888ae03\" data-element_type=\"column\" data-e-type=\"column\">\n\t\t\t<div class=\"elementor-widget-wrap elementor-element-populated\">\n\t\t\t\t\t\t<div class=\"elementor-element elementor-element-df740a5 elementor-widget elementor-widget-text-editor\" data-id=\"df740a5\" data-element_type=\"widget\" data-e-type=\"widget\" data-widget_type=\"text-editor.default\">\n\t\t\t\t<div class=\"elementor-widget-container\">\n\t\t\t\t\t\t\t\t\t<p>Damit unsere Vereinsmitglieder sich noch mehr mit unserem Verein identifizieren, haben wir uns um einheitliche Vereinskleidung bem\u00fcht.<\/p><p>In Kooperation mit anderen Vereinsabteilungen steht uns ein Online-Shop zur Verf\u00fcgung, der eben diese einheitliche Kleidung bereitstellt.<\/p><p>Im Online-Shop werden nicht nur Trikots (T-Shirts) angeboten, sondern auch eine Vielzahl unterschiedlicher weiterer Bekleidung steht zur Wahl, bis hin zur M\u00fctze oder Rucksack.<\/p><p>F\u00fcr Turniere wird die Vereinskleidung damit entsprechend auf die neuen Shirts umgestellt. Um sportordnungskonform an Turnieren teilnehmen zu k\u00f6nnen, wird mindestens ein T-Shirt ben\u00f6tigt. Alle weiteren Bekleidungsst\u00fccke sind auf freiwilliger Basis m\u00f6glich.<\/p><p>Es stehen im Online-Shop unterschiedliche Trikots in verschiedenen Versionen zur Verf\u00fcgung.<\/p><p><strong>F\u00fcr unsere Bogensport-Abteilung gilt ausschlie\u00dflich die Version mit der schwarz-roten Schulterpartie als Wettkampfkleidung!<\/strong><\/p><ul><li><strong>Artikelnummer 6122101d (Damen)<\/strong><\/li><li><strong>Artikelnummer 6122101 (Herren)<\/strong><\/li><li><strong>Artikelnummer 6122101k (Kinder)<\/strong><\/li><\/ul><p>\u00a0<\/p><p>Den Online-Shop erreicht ihr unter folgendem Link:\u00a0<\/p><p><a href=\"https:\/\/lok-fanshop.de\">https:\/\/lok-fanshop.de<\/a><\/p><p>Nach Bestellung im Online-Shop k\u00f6nnt ihr euch die Ware zuliefern lassen oder wahlweise direkt hier abholen:<\/p><p>Sportdruck und Meer<\/p><p>Grubenstra\u00dfe 10-11<\/p><p>18055 Rostock<\/p>\t\t\t\t\t\t\t\t<\/div>\n\t\t\t\t<\/div>\n\t\t\t\t\t<\/div>\n\t\t<\/div>\n\t\t\t\t\t<\/div>\n\t\t<\/section>\n\t\t\t\t<\/div>\n\t\t","protected":false},"excerpt":{"rendered":"<p>LOK-FanShop Wir wachsen zusammen durch einheitliches Auftreten. HIER GEHT`S DIREKT ZUM SHOP: https:\/\/lok-fanshop.de Damit unsere Vereinsmitglieder sich noch mehr mit unserem Verein identifizieren, haben wir uns um einheitliche Vereinskleidung bem\u00fcht. In Kooperation mit anderen Vereinsabteilungen steht uns ein Online-Shop zur Verf\u00fcgung, der eben diese einheitliche Kleidung bereitstellt. Im Online-Shop werden nicht nur Trikots (T-Shirts) angeboten, [&hellip;]<\/p>\n","protected":false},"author":2,"featured_media":0,"parent":0,"menu_order":0,"comment_status":"closed","ping_status":"closed","template":"","meta":{"footnotes":""},"class_list":["post-2797","page","type-page","status-publish","hentry"],"_links":{"self":[{"href":"https:\/\/bogensportrostock.de\/index.php\/wp-json\/wp\/v2\/pages\/2797","targetHints":{"allow":["GET"]}}],"collection":[{"href":"https:\/\/bogensportrostock.de\/index.php\/wp-json\/wp\/v2\/pages"}],"about":[{"href":"https:\/\/bogensportrostock.de\/index.php\/wp-json\/wp\/v2\/types\/page"}],"author":[{"embeddable":true,"href":"https:\/\/bogensportrostock.de\/index.php\/wp-json\/wp\/v2\/users\/2"}],"replies":[{"embeddable":true,"href":"https:\/\/bogensportrostock.de\/index.php\/wp-json\/wp\/v2\/comments?post=2797"}],"version-history":[{"count":49,"href":"https:\/\/bogensportrostock.de\/index.php\/wp-json\/wp\/v2\/pages\/2797\/revisions"}],"predecessor-version":[{"id":2894,"href":"https:\/\/bogensportrostock.de\/index.php\/wp-json\/wp\/v2\/pages\/2797\/revisions\/2894"}],"wp:attachment":[{"href":"https:\/\/bogensportrostock.de\/index.php\/wp-json\/wp\/v2\/media?parent=2797"}],"curies":[{"name":"wp","href":"https:\/\/api.w.org\/{rel}","templated":true}]}}