{"id":1025,"date":"2022-12-10T21:35:13","date_gmt":"2022-12-10T20:35:13","guid":{"rendered":"http:\/\/neu.bogensportrostock.de\/?page_id=1025"},"modified":"2023-02-21T22:28:40","modified_gmt":"2023-02-21T21:28:40","slug":"datenschutz","status":"publish","type":"page","link":"https:\/\/bogensportrostock.de\/index.php\/datenschutz\/","title":{"rendered":"Datenschutz"},"content":{"rendered":"\t\t<div data-elementor-type=\"wp-page\" data-elementor-id=\"1025\" class=\"elementor elementor-1025\">\n\t\t\t\t\t\t<section class=\"elementor-section elementor-top-section elementor-element elementor-element-967d1f8 elementor-hidden-mobile elementor-section-boxed elementor-section-height-default elementor-section-height-default\" data-id=\"967d1f8\" data-element_type=\"section\" data-e-type=\"section\">\n\t\t\t\t\t\t<div class=\"elementor-container elementor-column-gap-default\">\n\t\t\t\t\t<div class=\"elementor-column elementor-col-100 elementor-top-column elementor-element elementor-element-1f16544\" data-id=\"1f16544\" data-element_type=\"column\" data-e-type=\"column\">\n\t\t\t<div class=\"elementor-widget-wrap elementor-element-populated\">\n\t\t\t\t\t\t<div class=\"elementor-element elementor-element-7d34c3a elementor-widget-mobile__width-initial elementor-hidden-mobile elementor-widget elementor-widget-heading\" data-id=\"7d34c3a\" data-element_type=\"widget\" data-e-type=\"widget\" data-widget_type=\"heading.default\">\n\t\t\t\t<div class=\"elementor-widget-container\">\n\t\t\t\t\t<h4 class=\"elementor-heading-title elementor-size-default\">datenschutz<\/h4>\t\t\t\t<\/div>\n\t\t\t\t<\/div>\n\t\t\t\t\t<\/div>\n\t\t<\/div>\n\t\t\t\t\t<\/div>\n\t\t<\/section>\n\t\t\t\t<section class=\"elementor-section elementor-top-section elementor-element elementor-element-4975646 elementor-hidden-desktop elementor-hidden-tablet elementor-section-boxed elementor-section-height-default elementor-section-height-default\" data-id=\"4975646\" data-element_type=\"section\" data-e-type=\"section\">\n\t\t\t\t\t\t<div class=\"elementor-container elementor-column-gap-default\">\n\t\t\t\t\t<div class=\"elementor-column elementor-col-100 elementor-top-column elementor-element elementor-element-a79e8a4\" data-id=\"a79e8a4\" data-element_type=\"column\" data-e-type=\"column\">\n\t\t\t<div class=\"elementor-widget-wrap elementor-element-populated\">\n\t\t\t\t\t\t<div class=\"elementor-element elementor-element-b6bd6ab elementor-widget elementor-widget-text-editor\" data-id=\"b6bd6ab\" data-element_type=\"widget\" data-e-type=\"widget\" data-widget_type=\"text-editor.default\">\n\t\t\t\t<div class=\"elementor-widget-container\">\n\t\t\t\t\t\t\t\t\t<h1>DATENSCHUTZ<\/h1>\t\t\t\t\t\t\t\t<\/div>\n\t\t\t\t<\/div>\n\t\t\t\t\t<\/div>\n\t\t<\/div>\n\t\t\t\t\t<\/div>\n\t\t<\/section>\n\t\t\t\t<section class=\"elementor-section elementor-top-section elementor-element elementor-element-b816166 elementor-section-boxed elementor-section-height-default elementor-section-height-default\" data-id=\"b816166\" data-element_type=\"section\" data-e-type=\"section\">\n\t\t\t\t\t\t<div class=\"elementor-container elementor-column-gap-default\">\n\t\t\t\t\t<div class=\"elementor-column elementor-col-100 elementor-top-column elementor-element elementor-element-f329bce\" data-id=\"f329bce\" data-element_type=\"column\" data-e-type=\"column\">\n\t\t\t<div class=\"elementor-widget-wrap elementor-element-populated\">\n\t\t\t\t\t\t<div class=\"elementor-element elementor-element-cd800bb elementor-widget-divider--view-line elementor-widget elementor-widget-divider\" data-id=\"cd800bb\" data-element_type=\"widget\" data-e-type=\"widget\" data-widget_type=\"divider.default\">\n\t\t\t\t<div class=\"elementor-widget-container\">\n\t\t\t\t\t\t\t<div class=\"elementor-divider\">\n\t\t\t<span class=\"elementor-divider-separator\">\n\t\t\t\t\t\t<\/span>\n\t\t<\/div>\n\t\t\t\t\t\t<\/div>\n\t\t\t\t<\/div>\n\t\t\t\t\t<\/div>\n\t\t<\/div>\n\t\t\t\t\t<\/div>\n\t\t<\/section>\n\t\t\t\t<section class=\"elementor-section elementor-top-section elementor-element elementor-element-16ae7b5 elementor-section-boxed elementor-section-height-default elementor-section-height-default\" data-id=\"16ae7b5\" data-element_type=\"section\" data-e-type=\"section\">\n\t\t\t\t\t\t<div class=\"elementor-container elementor-column-gap-default\">\n\t\t\t\t\t<div class=\"elementor-column elementor-col-100 elementor-top-column elementor-element elementor-element-3f1d95a\" data-id=\"3f1d95a\" data-element_type=\"column\" data-e-type=\"column\">\n\t\t\t<div class=\"elementor-widget-wrap elementor-element-populated\">\n\t\t\t\t\t\t<div class=\"elementor-element elementor-element-5615134 elementor-widget elementor-widget-text-editor\" data-id=\"5615134\" data-element_type=\"widget\" data-e-type=\"widget\" data-widget_type=\"text-editor.default\">\n\t\t\t\t<div class=\"elementor-widget-container\">\n\t\t\t\t\t\t\t\t\t<p>Dem Eisenbahnersportverein 1948 e. V. in der Abteilung Bogensport ist der Schutz von personenbezogenen Daten sehr wichtig. Wir sehen uns, insbesondere durch die gesetzlichen Vorschriften, in besonderem Ma\u00dfe dazu verpflichtet, personenbezogene Daten achtsam zu behandeln. Ihre uns \u00fcberlassenen pers\u00f6nlichen Daten verwenden wir nur zu den Zwecken, zu denen sie bestimmt sind.<\/p><p>Nachfolgend informieren wir Sie dar\u00fcber, welche Arten von Daten auf unserer Website zu welchem Zweck erfasst werden.<\/p><p><strong>\u00a0<\/strong><\/p><p><strong>Verantwortlicher<\/strong><\/p><p>Eisenbahnersportverein Lokomotive Rostock 1948 e.V.<\/p><p>Damerower Weg 25a<\/p><p>18059 Rostock<\/p><p>Vorsitzender: Guido-Frank Hesse<\/p><p>Mail: info(at)esvlokrostock.de<\/p><p>Tel.: +49 (0) 381 4000983<\/p><p>Abteilungsleiter: Daniel Weidig<\/p><p>Mail: info(at)bogensportrostock.de<\/p><p><strong>\u00a0<\/strong><\/p><p><strong>Personenbezogene Daten<\/strong><\/p><p>Personenbezogene Daten sind lt. Art. 4 (1) DSGVO \u201ealle Informationen, die sich auf eine identifizierte oder identifizierbare nat\u00fcrliche Person beziehen.\u201c Dazu z\u00e4hlen u. A. der Name, IP-Adresse, Geburtsdaten, Anschrift, Kontaktdaten.<\/p><p>Der Eisenbahnersportverein 1948 e. V. in der Abteilung Bogensport erhebt und nutzt Ihre Daten nur entsprechend der gesetzlichen und vereinsrechtlichen Vorgaben, der vertraglichen Vereinbarungen, nach Ihrer Einwilligung oder anhand unseres berechtigten Interesses.<\/p><p><strong>Ihre Kontaktdaten<\/strong><\/p><p>Wenn Sie \u00fcber die angegebenen Kommunikationswege Kontakt mit uns aufnehmen und uns Ihre Daten mitteilen, speichern wir Ihre Angaben, damit wir Ihre Anfrage entsprechend bearbeiten k\u00f6nnen. Sollten Sie uns sehr sensible Daten mitteilen wollen, empfehlen wir Ihnen den Postweg, da die Datensicherheit bei der Kommunikation via E-Mail nicht gew\u00e4hrleistet werden kann.<\/p><p>Die\u00a0Datenspeicherung k\u00f6nnen Sie widerrufen, wenn keine Zusammenarbeit mit unserem Verein und kein Bedarf der Beantwortung Ihrer Anfrage mehr besteht. Wir l\u00f6schen Ihre Daten, soweit keine gesetzlichen Regelungen (z.B. Steuerrecht, Handelsrecht, Abgabenordnung) dem entgegenstehen.<\/p><p>Die Weitergabe an Dritte erfolgt nicht, sofern keine gesetzlichen Vorschriften dies erfordern.<\/p><p><strong>\u00a0<\/strong><\/p><p><strong>Cookies<\/strong><\/p><p>Unsere Website www.bogensportrostock.de verwendet technische erforderliche Cookies.<\/p><p>Cookies sind kleine Textdateien, die auf Ihrem Ger\u00e4t gespeichert werden und dabei helfen,\u00a0 unsere Website benutzerfreundlich und sicher zu gestalten. Dies erleichtert Ihnen die Nutzung unserer Website. Cookies sind nicht sch\u00e4dlich, k\u00f6nnen kein Virus \u00fcbertragen, keine Informationen abrufen oder sonstige Beeintr\u00e4chtigungen hervorrufen.<\/p><p>Wenn Sie \u00fcber Ihren Browser Cookies nicht zulassen, k\u00f6nnen wir nicht gew\u00e4hrleisten, dass Sie unsere Website mit all seinen Funktionen nutzen k\u00f6nnen. Pr\u00fcfen Sie Ihre Browser-Einstellungen und stellen Sie, wenn Sie es m\u00f6chten, ein, dass Cookies nach Beenden des Browsers gel\u00f6scht werden oder Sie auf Cookies hingewiesen werden.<\/p><div>\u00a0<\/div><div>\u00a0<\/div><p><strong>Andere Anbieter<\/strong><\/p><p>Bei Links zu Websites anderer Anbeiter \u00fcbernehmen wir keine Haftung f\u00fcr deren Inhalte. Bitte beachten Sie die Datenschutzerkl\u00e4rungen dieser Seiten.<\/p><p><strong>\u00a0<\/strong><\/p><p><strong>Ihre Rechte<br \/><\/strong><\/p><p>Ihnen stehen folgende Betroffenenrechte zu:<\/p><ol><li>das Recht auf Auskunft nach Art. 15 DSGVO,<\/li><li>das Recht auf Berichtigung nach Art. 16 DSGVO,<\/li><li>das Recht auf L\u00f6schung nach Art. 17 DSGVO,<\/li><li>das Recht auf Einschr\u00e4nkung der Verarbeitung von Personendaten nach Art. 18 DSGVO,<\/li><li>das Recht auf Daten\u00fcbertragbarkeit nach Art. 20 DSGVO,<\/li><li>das Recht auf Widerspruch gegen die Verarbeitung personenbezogener Daten gem. Art. 21 DSGVO,<\/li><li>Beschwerderecht bei einer Datenschutzbeh\u00f6rde nach Art. 77 DSGVO.<\/li><\/ol><p><strong>\u00a0<\/strong><\/p><p><strong>Schlusswort Datenschutz<\/strong><\/p><p>Die Datenschutzerkl\u00e4rung kann unter Umst\u00e4nden angepasst werden, wenn sich rechtliche Anforderungen \u00e4ndern oder unsere Website mit Angeboten erg\u00e4nzt wird, die weitere Daten verarbeiten. Es gilt dann bei jedem Besuch die jeweils aktuelle Datenschutzerkl\u00e4rung.<\/p><p>Bitte beachten Sie, dass die Daten\u00fcbertragung im Internet zu jeder Zeit Sicherheitsm\u00e4ngel aufweisen kann und ein vollst\u00e4ndiger Schutz daher nicht gew\u00e4hrleistet werden kann.<\/p>\t\t\t\t\t\t\t\t<\/div>\n\t\t\t\t<\/div>\n\t\t\t\t\t<\/div>\n\t\t<\/div>\n\t\t\t\t\t<\/div>\n\t\t<\/section>\n\t\t\t\t<\/div>\n\t\t","protected":false},"excerpt":{"rendered":"<p>datenschutz DATENSCHUTZ Dem Eisenbahnersportverein 1948 e. V. in der Abteilung Bogensport ist der Schutz von personenbezogenen Daten sehr wichtig. Wir sehen uns, insbesondere durch die gesetzlichen Vorschriften, in besonderem Ma\u00dfe dazu verpflichtet, personenbezogene Daten achtsam zu behandeln. Ihre uns \u00fcberlassenen pers\u00f6nlichen Daten verwenden wir nur zu den Zwecken, zu denen sie bestimmt sind. Nachfolgend informieren [&hellip;]<\/p>\n","protected":false},"author":2,"featured_media":0,"parent":0,"menu_order":0,"comment_status":"closed","ping_status":"closed","template":"","meta":{"footnotes":""},"class_list":["post-1025","page","type-page","status-publish","hentry"],"_links":{"self":[{"href":"https:\/\/bogensportrostock.de\/index.php\/wp-json\/wp\/v2\/pages\/1025","targetHints":{"allow":["GET"]}}],"collection":[{"href":"https:\/\/bogensportrostock.de\/index.php\/wp-json\/wp\/v2\/pages"}],"about":[{"href":"https:\/\/bogensportrostock.de\/index.php\/wp-json\/wp\/v2\/types\/page"}],"author":[{"embeddable":true,"href":"https:\/\/bogensportrostock.de\/index.php\/wp-json\/wp\/v2\/users\/2"}],"replies":[{"embeddable":true,"href":"https:\/\/bogensportrostock.de\/index.php\/wp-json\/wp\/v2\/comments?post=1025"}],"version-history":[{"count":29,"href":"https:\/\/bogensportrostock.de\/index.php\/wp-json\/wp\/v2\/pages\/1025\/revisions"}],"predecessor-version":[{"id":2261,"href":"https:\/\/bogensportrostock.de\/index.php\/wp-json\/wp\/v2\/pages\/1025\/revisions\/2261"}],"wp:attachment":[{"href":"https:\/\/bogensportrostock.de\/index.php\/wp-json\/wp\/v2\/media?parent=1025"}],"curies":[{"name":"wp","href":"https:\/\/api.w.org\/{rel}","templated":true}]}}