{"id":1017,"date":"2022-12-10T21:23:07","date_gmt":"2022-12-10T20:23:07","guid":{"rendered":"http:\/\/neu.bogensportrostock.de\/?page_id=1017"},"modified":"2026-03-29T21:32:56","modified_gmt":"2026-03-29T19:32:56","slug":"impressum","status":"publish","type":"page","link":"https:\/\/bogensportrostock.de\/index.php\/impressum\/","title":{"rendered":"Impressum"},"content":{"rendered":"\t\t<div data-elementor-type=\"wp-page\" data-elementor-id=\"1017\" class=\"elementor elementor-1017\">\n\t\t\t\t\t\t<section class=\"elementor-section elementor-top-section elementor-element elementor-element-2f59f86 elementor-section-boxed elementor-section-height-default elementor-section-height-default\" data-id=\"2f59f86\" data-element_type=\"section\" data-e-type=\"section\">\n\t\t\t\t\t\t<div class=\"elementor-container elementor-column-gap-default\">\n\t\t\t\t\t<div class=\"elementor-column elementor-col-100 elementor-top-column elementor-element elementor-element-ad5fe68\" data-id=\"ad5fe68\" data-element_type=\"column\" data-e-type=\"column\">\n\t\t\t<div class=\"elementor-widget-wrap elementor-element-populated\">\n\t\t\t\t\t\t<div class=\"elementor-element elementor-element-1e7626a elementor-hidden-mobile elementor-widget elementor-widget-heading\" data-id=\"1e7626a\" data-element_type=\"widget\" data-e-type=\"widget\" data-widget_type=\"heading.default\">\n\t\t\t\t<div class=\"elementor-widget-container\">\n\t\t\t\t\t<h2 class=\"elementor-heading-title elementor-size-default\">IMPRESSUM<\/h2>\t\t\t\t<\/div>\n\t\t\t\t<\/div>\n\t\t\t\t\t<\/div>\n\t\t<\/div>\n\t\t\t\t\t<\/div>\n\t\t<\/section>\n\t\t\t\t<section class=\"elementor-section elementor-top-section elementor-element elementor-element-de51a81 elementor-hidden-desktop elementor-section-boxed elementor-section-height-default elementor-section-height-default\" data-id=\"de51a81\" data-element_type=\"section\" data-e-type=\"section\">\n\t\t\t\t\t\t<div class=\"elementor-container elementor-column-gap-default\">\n\t\t\t\t\t<div class=\"elementor-column elementor-col-100 elementor-top-column elementor-element elementor-element-d6e1799\" data-id=\"d6e1799\" data-element_type=\"column\" data-e-type=\"column\">\n\t\t\t<div class=\"elementor-widget-wrap elementor-element-populated\">\n\t\t\t\t\t\t<div class=\"elementor-element elementor-element-2d51d51 elementor-hidden-desktop elementor-hidden-tablet elementor-widget elementor-widget-text-editor\" data-id=\"2d51d51\" data-element_type=\"widget\" data-e-type=\"widget\" data-widget_type=\"text-editor.default\">\n\t\t\t\t<div class=\"elementor-widget-container\">\n\t\t\t\t\t\t\t\t\t<h1>IMPRESSUM<\/h1>\t\t\t\t\t\t\t\t<\/div>\n\t\t\t\t<\/div>\n\t\t\t\t\t<\/div>\n\t\t<\/div>\n\t\t\t\t\t<\/div>\n\t\t<\/section>\n\t\t\t\t<section class=\"elementor-section elementor-top-section elementor-element elementor-element-e2ed695 elementor-section-boxed elementor-section-height-default elementor-section-height-default\" data-id=\"e2ed695\" data-element_type=\"section\" data-e-type=\"section\">\n\t\t\t\t\t\t<div class=\"elementor-container elementor-column-gap-default\">\n\t\t\t\t\t<div class=\"elementor-column elementor-col-100 elementor-top-column elementor-element elementor-element-6c8a51b\" data-id=\"6c8a51b\" data-element_type=\"column\" data-e-type=\"column\">\n\t\t\t<div class=\"elementor-widget-wrap elementor-element-populated\">\n\t\t\t\t\t\t<div class=\"elementor-element elementor-element-63077ed elementor-widget-divider--view-line elementor-widget elementor-widget-divider\" data-id=\"63077ed\" data-element_type=\"widget\" data-e-type=\"widget\" data-widget_type=\"divider.default\">\n\t\t\t\t<div class=\"elementor-widget-container\">\n\t\t\t\t\t\t\t<div class=\"elementor-divider\">\n\t\t\t<span class=\"elementor-divider-separator\">\n\t\t\t\t\t\t<\/span>\n\t\t<\/div>\n\t\t\t\t\t\t<\/div>\n\t\t\t\t<\/div>\n\t\t\t\t\t<\/div>\n\t\t<\/div>\n\t\t\t\t\t<\/div>\n\t\t<\/section>\n\t\t\t\t<section class=\"elementor-section elementor-top-section elementor-element elementor-element-85dc7c7 elementor-section-boxed elementor-section-height-default elementor-section-height-default\" data-id=\"85dc7c7\" data-element_type=\"section\" data-e-type=\"section\">\n\t\t\t\t\t\t<div class=\"elementor-container elementor-column-gap-default\">\n\t\t\t\t\t<div class=\"elementor-column elementor-col-100 elementor-top-column elementor-element elementor-element-af96dbe\" data-id=\"af96dbe\" data-element_type=\"column\" data-e-type=\"column\">\n\t\t\t<div class=\"elementor-widget-wrap elementor-element-populated\">\n\t\t\t\t\t\t<div class=\"elementor-element elementor-element-a7b4413 elementor-widget elementor-widget-text-editor\" data-id=\"a7b4413\" data-element_type=\"widget\" data-e-type=\"widget\" data-widget_type=\"text-editor.default\">\n\t\t\t\t<div class=\"elementor-widget-container\">\n\t\t\t\t\t\t\t\t\t<p>Eisenbahnersportverein Lokomotive Rostock 1948 e. V.<\/p><p>Damerower Weg 25a<\/p><p>18059 Rostock<\/p><p>Amtsgericht Rostock VR 233<\/p><p>Vereinsvorsitzender: Boerge Kunstmann<\/p><p>E-Mail: info(at)esvlokrostock.de<\/p><p>Tel.: +49 381 4000 983<\/p><p>Abteilungsleiter Bogensport: Daniel Weidig<strong><br \/><\/strong><\/p><p>E-Mail: bogensport(at)esvlokrostock.de<\/p><p align=\"left\"><em>Rechtliche Hinweise<\/em><\/p><p align=\"justify\"><em>Der ESV Lok Rostock ist f\u00fcr diese Seiten verantwortlich. Alle Informationen auf diesen Internetseiten werden regelm\u00e4\u00dfig aktualisiert und gepr\u00fcft. Trotz allen Bem\u00fchens k\u00f6nnen wir keine Gew\u00e4hr f\u00fcr die Richtigkeit, Vollst\u00e4ndigkeit und Aktualit\u00e4t der bereitgestellten Informationen \u00fcbernehmen. Jegliche Haftung f\u00fcr Sch\u00e4den, die direkt oder indirekt aus der Benutzung dieser Internetseiten entstehen, wird hiermit ausgeschlossen.<\/em><\/p><p align=\"justify\"><em>Alle Texte, Bilder und Grafiken sowie deren Anordnung auf diesen Internetseiten sind durch Urheberrechte weltweit gesch\u00fctzt.<br \/><\/em><\/p><p align=\"justify\"><em>F\u00fcr externe Links \u00fcbernehmen wir keine Haftung.<\/em><\/p><p align=\"justify\"><em>Die gesamten Texte auf diesen Seiten sind in einer geschlechteneutralen Sprache verfasst und schlie\u00dfen m\u00e4nnliche\/weibliche\/geschlechtsneutrale Personen ein.<\/em><\/p>\t\t\t\t\t\t\t\t<\/div>\n\t\t\t\t<\/div>\n\t\t\t\t\t<\/div>\n\t\t<\/div>\n\t\t\t\t\t<\/div>\n\t\t<\/section>\n\t\t\t\t<\/div>\n\t\t","protected":false},"excerpt":{"rendered":"<p>IMPRESSUM IMPRESSUM Eisenbahnersportverein Lokomotive Rostock 1948 e. V. Damerower Weg 25a 18059 Rostock Amtsgericht Rostock VR 233 Vereinsvorsitzender: Boerge Kunstmann E-Mail: info(at)esvlokrostock.de Tel.: +49 381 4000 983 Abteilungsleiter Bogensport: Daniel Weidig E-Mail: bogensport(at)esvlokrostock.de Rechtliche Hinweise Der ESV Lok Rostock ist f\u00fcr diese Seiten verantwortlich. Alle Informationen auf diesen Internetseiten werden regelm\u00e4\u00dfig aktualisiert und gepr\u00fcft. Trotz [&hellip;]<\/p>\n","protected":false},"author":2,"featured_media":0,"parent":0,"menu_order":0,"comment_status":"closed","ping_status":"closed","template":"","meta":{"footnotes":""},"class_list":["post-1017","page","type-page","status-publish","hentry"],"_links":{"self":[{"href":"https:\/\/bogensportrostock.de\/index.php\/wp-json\/wp\/v2\/pages\/1017","targetHints":{"allow":["GET"]}}],"collection":[{"href":"https:\/\/bogensportrostock.de\/index.php\/wp-json\/wp\/v2\/pages"}],"about":[{"href":"https:\/\/bogensportrostock.de\/index.php\/wp-json\/wp\/v2\/types\/page"}],"author":[{"embeddable":true,"href":"https:\/\/bogensportrostock.de\/index.php\/wp-json\/wp\/v2\/users\/2"}],"replies":[{"embeddable":true,"href":"https:\/\/bogensportrostock.de\/index.php\/wp-json\/wp\/v2\/comments?post=1017"}],"version-history":[{"count":25,"href":"https:\/\/bogensportrostock.de\/index.php\/wp-json\/wp\/v2\/pages\/1017\/revisions"}],"predecessor-version":[{"id":3273,"href":"https:\/\/bogensportrostock.de\/index.php\/wp-json\/wp\/v2\/pages\/1017\/revisions\/3273"}],"wp:attachment":[{"href":"https:\/\/bogensportrostock.de\/index.php\/wp-json\/wp\/v2\/media?parent=1017"}],"curies":[{"name":"wp","href":"https:\/\/api.w.org\/{rel}","templated":true}]}}